{"id":1089,"date":"2020-10-14T09:29:43","date_gmt":"2020-10-14T09:29:43","guid":{"rendered":"https:\/\/cultdev.net\/drschwab\/?page_id=1089"},"modified":"2020-10-22T11:50:36","modified_gmt":"2020-10-22T11:50:36","slug":"nasenscheidewand-op-septumkorrektur","status":"publish","type":"page","link":"https:\/\/cultdev.net\/drschwab\/ar\/nasenscheidewand-op-septumkorrektur","title":{"rendered":"Nasenscheidewand OP"},"content":{"rendered":"<div data-elementor-type=\"wp-page\" data-elementor-id=\"1089\" class=\"elementor elementor-1089\" data-elementor-post-type=\"page\">\n\t\t\t\t\t\t<section class=\"elementor-section elementor-top-section elementor-element elementor-element-12379d0 elementor-section-boxed elementor-section-height-default elementor-section-height-default\" data-id=\"12379d0\" data-element_type=\"section\">\n\t\t\t\t\t\t<div class=\"elementor-container elementor-column-gap-default\">\n\t\t\t\t\t<div class=\"elementor-column elementor-col-100 elementor-top-column elementor-element elementor-element-ff663e6\" data-id=\"ff663e6\" data-element_type=\"column\">\n\t\t\t<div class=\"elementor-widget-wrap elementor-element-populated\">\n\t\t\t\t\t\t<div class=\"elementor-element elementor-element-861b76d elementor-widget elementor-widget-spacer\" data-id=\"861b76d\" data-element_type=\"widget\" data-widget_type=\"spacer.default\">\n\t\t\t\t<div class=\"elementor-widget-container\">\n\t\t\t\t\t\t\t<div class=\"elementor-spacer\">\n\t\t\t<div class=\"elementor-spacer-inner\"><\/div>\n\t\t<\/div>\n\t\t\t\t\t\t<\/div>\n\t\t\t\t<\/div>\n\t\t\t\t\t<\/div>\n\t\t<\/div>\n\t\t\t\t\t<\/div>\n\t\t<\/section>\n\t\t\t\t<section class=\"elementor-section elementor-top-section elementor-element elementor-element-736e121 elementor-section-boxed elementor-section-height-default elementor-section-height-default\" data-id=\"736e121\" data-element_type=\"section\">\n\t\t\t\t\t\t<div class=\"elementor-container elementor-column-gap-default\">\n\t\t\t\t\t<div class=\"elementor-column elementor-col-100 elementor-top-column elementor-element elementor-element-f101000\" data-id=\"f101000\" data-element_type=\"column\">\n\t\t\t<div class=\"elementor-widget-wrap elementor-element-populated\">\n\t\t\t\t\t\t<div class=\"elementor-element elementor-element-c5204e8 elementor-widget elementor-widget-heading\" data-id=\"c5204e8\" data-element_type=\"widget\" data-widget_type=\"heading.default\">\n\t\t\t\t<div class=\"elementor-widget-container\">\n\t\t\t\t\t<h1 class=\"elementor-heading-title elementor-size-default\">Nasenscheidewand OP - Septumkorrektur<\/h1>\t\t\t\t<\/div>\n\t\t\t\t<\/div>\n\t\t\t\t\t<\/div>\n\t\t<\/div>\n\t\t\t\t\t<\/div>\n\t\t<\/section>\n\t\t\t\t<section class=\"elementor-section elementor-top-section elementor-element elementor-element-1f4d6bb elementor-section-boxed elementor-section-height-default elementor-section-height-default\" data-id=\"1f4d6bb\" data-element_type=\"section\">\n\t\t\t\t\t\t<div class=\"elementor-container elementor-column-gap-default\">\n\t\t\t\t\t<div class=\"elementor-column elementor-col-100 elementor-top-column elementor-element elementor-element-8f333ba\" data-id=\"8f333ba\" data-element_type=\"column\">\n\t\t\t<div class=\"elementor-widget-wrap elementor-element-populated\">\n\t\t\t\t\t\t<div class=\"elementor-element elementor-element-c738fca elementor-widget elementor-widget-text-editor\" data-id=\"c738fca\" data-element_type=\"widget\" data-widget_type=\"text-editor.default\">\n\t\t\t\t<div class=\"elementor-widget-container\">\n\t\t\t\t\t\t\t\t\t<p>Ein bisschen schief ist die Nasenscheidewand bei fast jedem Menschen. Abweichungen in der Median-Sagittal Ebene w\u00fcrde man als Nasenscheidewandverbiegung oder Nasenseptumdeviation bezeichnen. Im vorderen Teil der Nase liegt die sogenannte Nasenklappe. Sie wird durch die Nasenscheidewand und die seitlichen Knorpel gebildet. In diesem anatomischen Bereich k\u00f6nnen bereits kleine Verbiegungen der Nasenscheidewand deutliche Nasenwiderstandserh\u00f6hungen zur Folge haben. Dadurch kann aus der ansonsten laminaren Str\u00f6mung eine turbulente Str\u00f6mung werden, die wiederum zu einer St\u00f6rung der Klimatisierungseigenschaften der Nase f\u00fchrt. Zus\u00e4tzlich bricht auf der engen Seite die Str\u00f6mung zusammen und auf der weiten Seite erh\u00f6ht sich die Str\u00f6mungsgeschwindigkeit um ein vielfaches. Die Nase trocknet aus, Krustenbildung und Nasenbluten k\u00f6nnen folgen.<\/p><p>An dem Str\u00f6mungsprofil der Nase h\u00e4ngen die Nasennebenh\u00f6hlen und \u00fcber die Verbindung der Ohrtrompete auch das Mittelohr. Ein gest\u00f6rtes Str\u00f6mungsprofil bedingt auch St\u00f6rungen in den genannten Bereichen. Damit erkl\u00e4ren sich auch warum chronische Nasennebenh\u00f6hlenentz\u00fcndungen entstehen und\/oder nicht abheilen, trotzdem langwierige medikament\u00f6se Behandlungen erfolgten. Die Betroffenen berichten dabei \u00fcber einen st\u00f6renden chronischen Schleimfluss im Rachen, oder eine derartige Hypersekretion, dass morgens nach dem Aufstehen der Schleim buchst\u00e4blich aus der Nase in den Kaffee tropft.<\/p><p>Eine St\u00f6rung des Luftaustausches zwischen Nase und Mittelohr kann dabei zu Einschr\u00e4nkungen des H\u00f6rverm\u00f6gens, zu Ohrger\u00e4uschen (Tinnitus) und auch Schwindel f\u00fchren.<\/p><p>War die Nase einmal gebrochen, wurden Operationen am Oberkiefer vorgenommen oder wurden Drogen durch die Nase \u201ehochgezogen\u201c, kann es zu ausgedehnten Sch\u00e4digungen der Schleimhaut kommen. Diese weicht zur\u00fcck und legt den darunter liegenden Knorpel frei. Der freiliegende Knorpel kann alleine nicht \u00fcberleben und wird avital, das heisst er stirbt ab und verschwindet. Dadurch entsteht eine Septumperforation. Diese Perforationen k\u00f6nnen klein und f\u00fcr den Betroffenen kaum merkbar sein, oder sie sind so gro\u00df, dass fast die gesamte Nasenscheidewand fehlt. In diesem Fall kann dies bereits von Au\u00dfen gesehen werden, da die St\u00fctze des Nasenr\u00fcckens fehlt, wie die St\u00fctzpfeiler einer Br\u00fccke bevor sie zusammenbricht. Beim Menschen entspricht die zusammengefallene Br\u00fccke dann einer Sattelnase mit abgesenktem Nasenr\u00fccken und Nasenl\u00f6chern, in die von vorne hereingesehen werden kann. Die Septumperforationen trocknen durch die einstr\u00f6mende Luft und die fehlende Befeuchtungs- und Klimatisierungsfunktion der Nase derart aus, dass die Schleimhaut am Hinterrand br\u00fcchig wird. Es kommt zu Episoden von Nasenbluten unterschiedlicher Intensit\u00e4t. H\u00e4ufig beschweren sich auch die Partner, dass bereits bei Ruheatmung Pfeiffger\u00e4usche auftreten k\u00f6nnen, die bisweilen in der Einschlafphase im gemeinsamen Bett h\u00e4ufig genug \u00e4usserst st\u00f6rend sein k\u00f6nnen. Weiterhin kann es auch f\u00fcr andere wahrnehmbar unangenehm aus der Nase riechen. Zuletzt kann der Betroffene auch an chronischen Kopfschmerzen leiden, da die Entz\u00fcndung am Hinterrand der Perforation den Trigeminus-Nerven reizt.<\/p>\t\t\t\t\t\t\t\t<\/div>\n\t\t\t\t<\/div>\n\t\t\t\t\t<\/div>\n\t\t<\/div>\n\t\t\t\t\t<\/div>\n\t\t<\/section>\n\t\t\t\t<section class=\"elementor-section elementor-top-section elementor-element elementor-element-ddf95d2 elementor-section-boxed elementor-section-height-default elementor-section-height-default\" data-id=\"ddf95d2\" data-element_type=\"section\">\n\t\t\t\t\t\t<div class=\"elementor-container elementor-column-gap-default\">\n\t\t\t\t\t<div class=\"elementor-column elementor-col-100 elementor-top-column elementor-element elementor-element-a4be297\" data-id=\"a4be297\" data-element_type=\"column\">\n\t\t\t<div class=\"elementor-widget-wrap elementor-element-populated\">\n\t\t\t\t\t\t<div class=\"elementor-element elementor-element-e999812 elementor-align-center elementor-widget elementor-widget-button\" data-id=\"e999812\" data-element_type=\"widget\" data-widget_type=\"button.default\">\n\t\t\t\t<div class=\"elementor-widget-container\">\n\t\t\t\t\t\t\t\t\t<div class=\"elementor-button-wrapper\">\n\t\t\t\t\t<a class=\"elementor-button elementor-button-link elementor-size-lg\" href=\"https:\/\/cultdev.net\/drschwab\/ar\/beratung\/\">\n\t\t\t\t\t\t<span class=\"elementor-button-content-wrapper\">\n\t\t\t\t\t\t\t\t\t<span class=\"elementor-button-text\">\u0627\u062d\u0635\u0644 \u0639\u0644\u0649 \u0627\u0644\u0646\u0635\u064a\u062d\u0629 \u0627\u0644\u0622\u0646!<\/span>\n\t\t\t\t\t<\/span>\n\t\t\t\t\t<\/a>\n\t\t\t\t<\/div>\n\t\t\t\t\t\t\t\t<\/div>\n\t\t\t\t<\/div>\n\t\t\t\t\t<\/div>\n\t\t<\/div>\n\t\t\t\t\t<\/div>\n\t\t<\/section>\n\t\t\t\t<section class=\"elementor-section elementor-top-section elementor-element elementor-element-90340fb elementor-section-boxed elementor-section-height-default elementor-section-height-default\" data-id=\"90340fb\" data-element_type=\"section\">\n\t\t\t\t\t\t<div class=\"elementor-container elementor-column-gap-default\">\n\t\t\t\t\t<div class=\"elementor-column elementor-col-100 elementor-top-column elementor-element elementor-element-c608217\" data-id=\"c608217\" data-element_type=\"column\">\n\t\t\t<div class=\"elementor-widget-wrap\">\n\t\t\t\t\t\t\t<\/div>\n\t\t<\/div>\n\t\t\t\t\t<\/div>\n\t\t<\/section>\n\t\t\t\t<section class=\"elementor-section elementor-top-section elementor-element elementor-element-c545692 elementor-section-boxed elementor-section-height-default elementor-section-height-default\" data-id=\"c545692\" data-element_type=\"section\">\n\t\t\t\t\t\t<div class=\"elementor-container elementor-column-gap-default\">\n\t\t\t\t\t<div class=\"elementor-column elementor-col-100 elementor-top-column elementor-element elementor-element-5281e8a\" data-id=\"5281e8a\" data-element_type=\"column\">\n\t\t\t<div class=\"elementor-widget-wrap elementor-element-populated\">\n\t\t\t\t\t\t<div class=\"elementor-element elementor-element-8114a62 elementor-widget elementor-widget-spacer\" data-id=\"8114a62\" data-element_type=\"widget\" data-widget_type=\"spacer.default\">\n\t\t\t\t<div class=\"elementor-widget-container\">\n\t\t\t\t\t\t\t<div class=\"elementor-spacer\">\n\t\t\t<div class=\"elementor-spacer-inner\"><\/div>\n\t\t<\/div>\n\t\t\t\t\t\t<\/div>\n\t\t\t\t<\/div>\n\t\t\t\t\t<\/div>\n\t\t<\/div>\n\t\t\t\t\t<\/div>\n\t\t<\/section>\n\t\t\t\t<\/div>","protected":false},"excerpt":{"rendered":"<p>Nasenscheidewand OP &#8211; Septumkorrektur Ein bisschen schief ist die Nasenscheidewand bei fast jedem Menschen. Abweichungen in der Median-Sagittal Ebene w\u00fcrde man als Nasenscheidewandverbiegung oder Nasenseptumdeviation bezeichnen. Im vorderen Teil der Nase liegt die sogenannte Nasenklappe. Sie wird durch die Nasenscheidewand und die seitlichen Knorpel gebildet. In diesem anatomischen Bereich k\u00f6nnen bereits kleine Verbiegungen der Nasenscheidewand &#8230; <a title=\"Nasenscheidewand OP\" class=\"read-more\" href=\"https:\/\/cultdev.net\/drschwab\/ar\/nasenscheidewand-op-septumkorrektur\" aria-label=\"\u0627\u0644\u0645\u0632\u064a\u062f Nasenscheidewand OP\">\u0627\u0642\u0631\u0623 \u0627\u0644\u0645\u0632\u064a\u062f<\/a><\/p>","protected":false},"author":4,"featured_media":0,"parent":0,"menu_order":0,"comment_status":"closed","ping_status":"closed","template":"elementor_header_footer","meta":{"footnotes":""},"class_list":["post-1089","page","type-page","status-publish"],"_links":{"self":[{"href":"https:\/\/cultdev.net\/drschwab\/ar\/wp-json\/wp\/v2\/pages\/1089","targetHints":{"allow":["GET"]}}],"collection":[{"href":"https:\/\/cultdev.net\/drschwab\/ar\/wp-json\/wp\/v2\/pages"}],"about":[{"href":"https:\/\/cultdev.net\/drschwab\/ar\/wp-json\/wp\/v2\/types\/page"}],"author":[{"embeddable":true,"href":"https:\/\/cultdev.net\/drschwab\/ar\/wp-json\/wp\/v2\/users\/4"}],"replies":[{"embeddable":true,"href":"https:\/\/cultdev.net\/drschwab\/ar\/wp-json\/wp\/v2\/comments?post=1089"}],"version-history":[{"count":8,"href":"https:\/\/cultdev.net\/drschwab\/ar\/wp-json\/wp\/v2\/pages\/1089\/revisions"}],"predecessor-version":[{"id":1119,"href":"https:\/\/cultdev.net\/drschwab\/ar\/wp-json\/wp\/v2\/pages\/1089\/revisions\/1119"}],"wp:attachment":[{"href":"https:\/\/cultdev.net\/drschwab\/ar\/wp-json\/wp\/v2\/media?parent=1089"}],"curies":[{"name":"wp","href":"https:\/\/api.w.org\/{rel}","templated":true}]}}