{"id":283,"date":"2020-04-23T13:55:29","date_gmt":"2020-04-23T13:55:29","guid":{"rendered":"https:\/\/cultdev.net\/drschwab\/faq-copy"},"modified":"2020-05-11T05:50:59","modified_gmt":"2020-05-11T05:50:59","slug":"erklaervideos","status":"publish","type":"page","link":"https:\/\/cultdev.net\/drschwab\/en\/erklaervideos","title":{"rendered":"Erkl\u00e4rvideos"},"content":{"rendered":"<div data-elementor-type=\"wp-page\" data-elementor-id=\"283\" class=\"elementor elementor-283\" data-elementor-post-type=\"page\">\n\t\t\t\t\t\t<section class=\"elementor-section elementor-top-section elementor-element elementor-element-e77e8dc elementor-section-boxed elementor-section-height-default elementor-section-height-default\" data-id=\"e77e8dc\" data-element_type=\"section\">\n\t\t\t\t\t\t<div class=\"elementor-container elementor-column-gap-default\">\n\t\t\t\t\t<div class=\"elementor-column elementor-col-100 elementor-top-column elementor-element elementor-element-c2e02a4\" data-id=\"c2e02a4\" data-element_type=\"column\">\n\t\t\t<div class=\"elementor-widget-wrap elementor-element-populated\">\n\t\t\t\t\t\t<div class=\"elementor-element elementor-element-fac66c5 elementor-widget elementor-widget-heading\" data-id=\"fac66c5\" data-element_type=\"widget\" data-widget_type=\"heading.default\">\n\t\t\t\t<div class=\"elementor-widget-container\">\n\t\t\t\t\t<h1 class=\"elementor-heading-title elementor-size-default\">Erkl\u00e4rvideos<\/h1>\t\t\t\t<\/div>\n\t\t\t\t<\/div>\n\t\t\t\t\t<\/div>\n\t\t<\/div>\n\t\t\t\t\t<\/div>\n\t\t<\/section>\n\t\t\t\t<section class=\"elementor-section elementor-top-section elementor-element elementor-element-6409b6a elementor-section-boxed elementor-section-height-default elementor-section-height-default\" data-id=\"6409b6a\" data-element_type=\"section\">\n\t\t\t\t\t\t<div class=\"elementor-container elementor-column-gap-default\">\n\t\t\t\t\t<div class=\"elementor-column elementor-col-100 elementor-top-column elementor-element elementor-element-21d4666\" data-id=\"21d4666\" data-element_type=\"column\">\n\t\t\t<div class=\"elementor-widget-wrap elementor-element-populated\">\n\t\t\t\t\t\t<section class=\"elementor-section elementor-inner-section elementor-element elementor-element-b4373dc elementor-section-boxed elementor-section-height-default elementor-section-height-default\" data-id=\"b4373dc\" data-element_type=\"section\">\n\t\t\t\t\t\t<div class=\"elementor-container elementor-column-gap-default\">\n\t\t\t\t\t<div class=\"elementor-column elementor-col-50 elementor-inner-column elementor-element elementor-element-3fe5bf0\" data-id=\"3fe5bf0\" data-element_type=\"column\">\n\t\t\t<div class=\"elementor-widget-wrap elementor-element-populated\">\n\t\t\t\t\t\t<div class=\"elementor-element elementor-element-0df71de elementor-widget elementor-widget-wp-widget-media_video\" data-id=\"0df71de\" data-element_type=\"widget\" data-widget_type=\"wp-widget-media_video.default\">\n\t\t\t\t<div class=\"elementor-widget-container\">\n\t\t\t\t\t<div style=\"width:100%;\" class=\"wp-video\"><!--[if lt IE 9]><script>document.createElement('video');<\/script><![endif]-->\n<video class=\"wp-video-shortcode\" id=\"video-283-1\" preload=\"metadata\" controls=\"controls\"><source type=\"video\/mp4\" src=\"https:\/\/cultdev.net\/drschwab\/wp-content\/uploads\/2020\/04\/Sleep-Nose-Endoskopy.mp4?_=1\" \/><source type=\"video\/mp4\" src=\"https:\/\/cultdev.net\/drschwab\/wp-content\/uploads\/2020\/04\/Sleep-Nose-Endoskopy.mp4?_=1\" \/><a href=\"https:\/\/cultdev.net\/drschwab\/wp-content\/uploads\/2020\/04\/Sleep-Nose-Endoskopy.mp4\">https:\/\/cultdev.net\/drschwab\/wp-content\/uploads\/2020\/04\/Sleep-Nose-Endoskopy.mp4<\/a><\/video><\/div>\t\t\t\t<\/div>\n\t\t\t\t<\/div>\n\t\t\t\t\t<\/div>\n\t\t<\/div>\n\t\t\t\t<div class=\"elementor-column elementor-col-50 elementor-inner-column elementor-element elementor-element-a69cf72\" data-id=\"a69cf72\" data-element_type=\"column\">\n\t\t\t<div class=\"elementor-widget-wrap elementor-element-populated\">\n\t\t\t\t\t\t<div class=\"elementor-element elementor-element-4b62ff8 elementor-widget elementor-widget-text-editor\" data-id=\"4b62ff8\" data-element_type=\"widget\" data-widget_type=\"text-editor.default\">\n\t\t\t\t<div class=\"elementor-widget-container\">\n\t\t\t\t\t\t\t\t\t<p>Hier handelt es sich um die endoskopische Ansicht des Rachens bei einem Menschen der durch Medikamente in einen Schlafzustand versetzt wurde, bei dem er zu schnarchen beginnt (Sleep-Nose-Endoskopy). Hier befindet sich die Optik im Nasenrachen und blickt auf den Kehlkopf. Es kommt zum Kollaps der Seitenw\u00e4nde und damit zum Verschluss der Atemwege. Dies dauert so lange, bis der K\u00f6rper aufgrund des Sauerstoffmangels eine Erweckungsreaktion durch Adrenalinaussch\u00fcttung ausl\u00f6st. Dieser Ablauf kann mehrere hundert Male w\u00e4hrend der Nacht auftreten. Tiefschlafphasen werden dabei praktisch nicht mehr erreicht. Jede Nacht ist ein Kampf und Tagesm\u00fcdigkeit, Gereiztheit, Leistungsschw\u00e4che und Aufmerksamkeitsdefizit sind die unmittelbaren Folgen.<\/p>\t\t\t\t\t\t\t\t<\/div>\n\t\t\t\t<\/div>\n\t\t\t\t\t<\/div>\n\t\t<\/div>\n\t\t\t\t\t<\/div>\n\t\t<\/section>\n\t\t\t\t\t<\/div>\n\t\t<\/div>\n\t\t\t\t\t<\/div>\n\t\t<\/section>\n\t\t\t\t<section class=\"elementor-section elementor-top-section elementor-element elementor-element-e833f1c elementor-section-boxed elementor-section-height-default elementor-section-height-default\" data-id=\"e833f1c\" data-element_type=\"section\">\n\t\t\t\t\t\t<div class=\"elementor-container elementor-column-gap-default\">\n\t\t\t\t\t<div class=\"elementor-column elementor-col-100 elementor-top-column elementor-element elementor-element-e1587c6\" data-id=\"e1587c6\" data-element_type=\"column\">\n\t\t\t<div class=\"elementor-widget-wrap elementor-element-populated\">\n\t\t\t\t\t\t<div class=\"elementor-element elementor-element-d6a37dd elementor-widget elementor-widget-spacer\" data-id=\"d6a37dd\" data-element_type=\"widget\" data-widget_type=\"spacer.default\">\n\t\t\t\t<div class=\"elementor-widget-container\">\n\t\t\t\t\t\t\t<div class=\"elementor-spacer\">\n\t\t\t<div class=\"elementor-spacer-inner\"><\/div>\n\t\t<\/div>\n\t\t\t\t\t\t<\/div>\n\t\t\t\t<\/div>\n\t\t\t\t\t<\/div>\n\t\t<\/div>\n\t\t\t\t\t<\/div>\n\t\t<\/section>\n\t\t\t\t<section class=\"elementor-section elementor-top-section elementor-element elementor-element-ebb95de elementor-section-boxed elementor-section-height-default elementor-section-height-default\" data-id=\"ebb95de\" data-element_type=\"section\">\n\t\t\t\t\t\t<div class=\"elementor-container elementor-column-gap-default\">\n\t\t\t\t\t<div class=\"elementor-column elementor-col-100 elementor-top-column elementor-element elementor-element-b3732e3\" data-id=\"b3732e3\" data-element_type=\"column\">\n\t\t\t<div class=\"elementor-widget-wrap elementor-element-populated\">\n\t\t\t\t\t\t<div class=\"elementor-element elementor-element-bea58f2 elementor-widget elementor-widget-spacer\" data-id=\"bea58f2\" data-element_type=\"widget\" data-widget_type=\"spacer.default\">\n\t\t\t\t<div class=\"elementor-widget-container\">\n\t\t\t\t\t\t\t<div class=\"elementor-spacer\">\n\t\t\t<div class=\"elementor-spacer-inner\"><\/div>\n\t\t<\/div>\n\t\t\t\t\t\t<\/div>\n\t\t\t\t<\/div>\n\t\t\t\t\t<\/div>\n\t\t<\/div>\n\t\t\t\t\t<\/div>\n\t\t<\/section>\n\t\t\t\t<\/div>","protected":false},"excerpt":{"rendered":"<p>Erkl\u00e4rvideos Hier handelt es sich um die endoskopische Ansicht des Rachens bei einem Menschen der durch Medikamente in einen Schlafzustand versetzt wurde, bei dem er zu schnarchen beginnt (Sleep-Nose-Endoskopy). Hier befindet sich die Optik im Nasenrachen und blickt auf den Kehlkopf. Es kommt zum Kollaps der Seitenw\u00e4nde und damit zum Verschluss der Atemwege. Dies dauert &#8230; <a title=\"Erkl\u00e4rvideos\" class=\"read-more\" href=\"https:\/\/cultdev.net\/drschwab\/en\/erklaervideos\" aria-label=\"More on Erkl\u00e4rvideos\">Read more<\/a><\/p>","protected":false},"author":4,"featured_media":0,"parent":0,"menu_order":0,"comment_status":"closed","ping_status":"closed","template":"elementor_header_footer","meta":{"footnotes":""},"class_list":["post-283","page","type-page","status-publish"],"_links":{"self":[{"href":"https:\/\/cultdev.net\/drschwab\/en\/wp-json\/wp\/v2\/pages\/283","targetHints":{"allow":["GET"]}}],"collection":[{"href":"https:\/\/cultdev.net\/drschwab\/en\/wp-json\/wp\/v2\/pages"}],"about":[{"href":"https:\/\/cultdev.net\/drschwab\/en\/wp-json\/wp\/v2\/types\/page"}],"author":[{"embeddable":true,"href":"https:\/\/cultdev.net\/drschwab\/en\/wp-json\/wp\/v2\/users\/4"}],"replies":[{"embeddable":true,"href":"https:\/\/cultdev.net\/drschwab\/en\/wp-json\/wp\/v2\/comments?post=283"}],"version-history":[{"count":16,"href":"https:\/\/cultdev.net\/drschwab\/en\/wp-json\/wp\/v2\/pages\/283\/revisions"}],"predecessor-version":[{"id":753,"href":"https:\/\/cultdev.net\/drschwab\/en\/wp-json\/wp\/v2\/pages\/283\/revisions\/753"}],"wp:attachment":[{"href":"https:\/\/cultdev.net\/drschwab\/en\/wp-json\/wp\/v2\/media?parent=283"}],"curies":[{"name":"wp","href":"https:\/\/api.w.org\/{rel}","templated":true}]}}