{"id":886,"date":"2020-06-13T16:04:24","date_gmt":"2020-06-13T16:04:24","guid":{"rendered":"https:\/\/cultdev.net\/drschwab\/dr-schwab-home-copy"},"modified":"2020-06-13T17:22:08","modified_gmt":"2020-06-13T17:22:08","slug":"pro-contra","status":"publish","type":"page","link":"https:\/\/cultdev.net\/drschwab\/en\/pro-contra","title":{"rendered":"Pro-Contra"},"content":{"rendered":"<div data-elementor-type=\"wp-page\" data-elementor-id=\"886\" class=\"elementor elementor-886\" data-elementor-post-type=\"page\">\n\t\t\t\t\t\t<section class=\"elementor-section elementor-top-section elementor-element elementor-element-50f8f08 elementor-hidden-tablet elementor-hidden-phone elementor-section-boxed elementor-section-height-default elementor-section-height-default\" data-id=\"50f8f08\" data-element_type=\"section\" id=\"topu_top_html\">\n\t\t\t\t\t\t<div class=\"elementor-container elementor-column-gap-default\">\n\t\t\t\t\t<div class=\"elementor-column elementor-col-100 elementor-top-column elementor-element elementor-element-d151575\" data-id=\"d151575\" data-element_type=\"column\">\n\t\t\t<div class=\"elementor-widget-wrap elementor-element-populated\">\n\t\t\t\t\t\t<section class=\"elementor-section elementor-inner-section elementor-element elementor-element-40b6b6d elementor-section-boxed elementor-section-height-default elementor-section-height-default\" data-id=\"40b6b6d\" data-element_type=\"section\" data-settings=\"{&quot;background_background&quot;:&quot;classic&quot;}\">\n\t\t\t\t\t\t<div class=\"elementor-container elementor-column-gap-default\">\n\t\t\t\t\t<div class=\"elementor-column elementor-col-100 elementor-inner-column elementor-element elementor-element-9e753f7\" data-id=\"9e753f7\" data-element_type=\"column\">\n\t\t\t<div class=\"elementor-widget-wrap elementor-element-populated\">\n\t\t\t\t\t\t\t<\/div>\n\t\t<\/div>\n\t\t\t\t\t<\/div>\n\t\t<\/section>\n\t\t\t\t\t<\/div>\n\t\t<\/div>\n\t\t\t\t\t<\/div>\n\t\t<\/section>\n\t\t\t\t<section class=\"elementor-section elementor-top-section elementor-element elementor-element-4eddc05 elementor-hidden-tablet elementor-hidden-phone elementor-section-boxed elementor-section-height-default elementor-section-height-default\" data-id=\"4eddc05\" data-element_type=\"section\" data-settings=\"{&quot;background_background&quot;:&quot;classic&quot;}\">\n\t\t\t\t\t\t<div class=\"elementor-container elementor-column-gap-default\">\n\t\t\t\t\t<div class=\"elementor-column elementor-col-100 elementor-top-column elementor-element elementor-element-c96ec62\" data-id=\"c96ec62\" data-element_type=\"column\" data-settings=\"{&quot;background_background&quot;:&quot;classic&quot;}\">\n\t\t\t<div class=\"elementor-widget-wrap elementor-element-populated\">\n\t\t\t\t\t\t<section class=\"elementor-section elementor-inner-section elementor-element elementor-element-cb58046 elementor-section-boxed elementor-section-height-default elementor-section-height-default\" data-id=\"cb58046\" data-element_type=\"section\" data-settings=\"{&quot;background_background&quot;:&quot;classic&quot;}\">\n\t\t\t\t\t\t<div class=\"elementor-container elementor-column-gap-default\">\n\t\t\t\t\t<div class=\"elementor-column elementor-col-50 elementor-inner-column elementor-element elementor-element-ef84b54\" data-id=\"ef84b54\" data-element_type=\"column\" data-settings=\"{&quot;background_background&quot;:&quot;classic&quot;}\">\n\t\t\t<div class=\"elementor-widget-wrap\">\n\t\t\t\t\t\t\t<\/div>\n\t\t<\/div>\n\t\t\t\t<div class=\"elementor-column elementor-col-50 elementor-inner-column elementor-element elementor-element-d19f0ab\" data-id=\"d19f0ab\" data-element_type=\"column\">\n\t\t\t<div class=\"elementor-widget-wrap elementor-element-populated\">\n\t\t\t\t\t\t<div class=\"elementor-element elementor-element-8569975 elementor-widget elementor-widget-spacer\" data-id=\"8569975\" data-element_type=\"widget\" id=\"topu_spacer_200\" data-widget_type=\"spacer.default\">\n\t\t\t\t<div class=\"elementor-widget-container\">\n\t\t\t\t\t\t\t<div class=\"elementor-spacer\">\n\t\t\t<div class=\"elementor-spacer-inner\"><\/div>\n\t\t<\/div>\n\t\t\t\t\t\t<\/div>\n\t\t\t\t<\/div>\n\t\t\t\t<div class=\"elementor-element elementor-element-b67e0a3 elementor-widget elementor-widget-heading\" data-id=\"b67e0a3\" data-element_type=\"widget\" data-widget_type=\"heading.default\">\n\t\t\t\t<div class=\"elementor-widget-container\">\n\t\t\t\t\t<h1 class=\"elementor-heading-title elementor-size-default\">Vor- und Nachteile<\/h1>\t\t\t\t<\/div>\n\t\t\t\t<\/div>\n\t\t\t\t<div class=\"elementor-element elementor-element-1d20d24 elementor-widget elementor-widget-text-editor\" data-id=\"1d20d24\" data-element_type=\"widget\" data-widget_type=\"text-editor.default\">\n\t\t\t\t<div class=\"elementor-widget-container\">\n\t\t\t\t\t\t\t\t\t<h1 style=\"font-size: 2.7rem; font-weight: 100; text-transform: uppercase; letter-spacing: -1px; display:inline;\">einer Schnarch OP<sup style=\"\">*<\/sup><\/h1>\n\t\t\t\t\t\t\t\t<\/div>\n\t\t\t\t<\/div>\n\t\t\t\t\t<\/div>\n\t\t<\/div>\n\t\t\t\t\t<\/div>\n\t\t<\/section>\n\t\t\t\t<div class=\"elementor-element elementor-element-aa0ffe9 elementor-hidden-tablet elementor-hidden-phone elementor-widget elementor-widget-spacer\" data-id=\"aa0ffe9\" data-element_type=\"widget\" data-widget_type=\"spacer.default\">\n\t\t\t\t<div class=\"elementor-widget-container\">\n\t\t\t\t\t\t\t<div class=\"elementor-spacer\">\n\t\t\t<div class=\"elementor-spacer-inner\"><\/div>\n\t\t<\/div>\n\t\t\t\t\t\t<\/div>\n\t\t\t\t<\/div>\n\t\t\t\t\t<\/div>\n\t\t<\/div>\n\t\t\t\t\t<\/div>\n\t\t<\/section>\n\t\t\t\t<section class=\"elementor-section elementor-top-section elementor-element elementor-element-6613084 elementor-hidden-desktop elementor-hidden-phone elementor-section-boxed elementor-section-height-default elementor-section-height-default\" data-id=\"6613084\" data-element_type=\"section\" data-settings=\"{&quot;background_background&quot;:&quot;classic&quot;}\">\n\t\t\t\t\t\t<div class=\"elementor-container elementor-column-gap-default\">\n\t\t\t\t\t<div class=\"elementor-column elementor-col-100 elementor-top-column elementor-element elementor-element-dcf4ccc elementor-hidden-desktop\" data-id=\"dcf4ccc\" data-element_type=\"column\">\n\t\t\t<div class=\"elementor-widget-wrap elementor-element-populated\">\n\t\t\t\t\t\t<div class=\"elementor-element elementor-element-925cc72 elementor-hidden-desktop elementor-widget elementor-widget-image\" data-id=\"925cc72\" data-element_type=\"widget\" data-widget_type=\"image.default\">\n\t\t\t\t<div class=\"elementor-widget-container\">\n\t\t\t\t\t\t\t\t\t\t\t\t\t\t\t<img fetchpriority=\"high\" decoding=\"async\" width=\"1920\" height=\"1104\" src=\"https:\/\/cultdev.net\/drschwab\/wp-content\/uploads\/2020\/04\/Bild-34.jpg\" class=\"attachment-full size-full wp-image-16\" alt=\"\" srcset=\"https:\/\/cultdev.net\/drschwab\/wp-content\/uploads\/2020\/04\/Bild-34.jpg 1920w, https:\/\/cultdev.net\/drschwab\/wp-content\/uploads\/2020\/04\/Bild-34-300x173.jpg 300w, https:\/\/cultdev.net\/drschwab\/wp-content\/uploads\/2020\/04\/Bild-34-1024x589.jpg 1024w, https:\/\/cultdev.net\/drschwab\/wp-content\/uploads\/2020\/04\/Bild-34-768x442.jpg 768w, https:\/\/cultdev.net\/drschwab\/wp-content\/uploads\/2020\/04\/Bild-34-1536x883.jpg 1536w\" sizes=\"(max-width: 1920px) 100vw, 1920px\" \/>\t\t\t\t\t\t\t\t\t\t\t\t\t\t\t<\/div>\n\t\t\t\t<\/div>\n\t\t\t\t\t<\/div>\n\t\t<\/div>\n\t\t\t\t\t<\/div>\n\t\t<\/section>\n\t\t\t\t<section class=\"elementor-section elementor-top-section elementor-element elementor-element-b3cb122 elementor-hidden-desktop elementor-hidden-phone elementor-section-boxed elementor-section-height-default elementor-section-height-default\" data-id=\"b3cb122\" data-element_type=\"section\" data-settings=\"{&quot;background_background&quot;:&quot;classic&quot;}\">\n\t\t\t\t\t\t<div class=\"elementor-container elementor-column-gap-default\">\n\t\t\t\t\t<div class=\"elementor-column elementor-col-100 elementor-top-column elementor-element elementor-element-6443d69\" data-id=\"6443d69\" data-element_type=\"column\">\n\t\t\t<div class=\"elementor-widget-wrap elementor-element-populated\">\n\t\t\t\t\t\t<div class=\"elementor-element elementor-element-a53e1a8 elementor-widget elementor-widget-text-editor\" data-id=\"a53e1a8\" data-element_type=\"widget\" data-widget_type=\"text-editor.default\">\n\t\t\t\t<div class=\"elementor-widget-container\">\n\t\t\t\t\t\t\t\t\t<h1 style=\"font-size: 2.7rem; text-transform: uppercase; letter-spacing: -1px; line-height: 1.0;\"><span style=\"font-weight: bold; color: #9d7f6a;\">Vor- und Nachteile<\/span>\n<br><span style=\"font-weight: 100;\">einer Schnarch OP<sup>*<\/sup><\/span><\/h1>\t\t\t\t\t\t\t\t<\/div>\n\t\t\t\t<\/div>\n\t\t\t\t\t<\/div>\n\t\t<\/div>\n\t\t\t\t\t<\/div>\n\t\t<\/section>\n\t\t\t\t<section class=\"elementor-section elementor-top-section elementor-element elementor-element-b538a7a elementor-hidden-desktop elementor-hidden-tablet elementor-section-boxed elementor-section-height-default elementor-section-height-default\" data-id=\"b538a7a\" data-element_type=\"section\" data-settings=\"{&quot;background_background&quot;:&quot;classic&quot;}\">\n\t\t\t\t\t\t<div class=\"elementor-container elementor-column-gap-default\">\n\t\t\t\t\t<div class=\"elementor-column elementor-col-100 elementor-top-column elementor-element elementor-element-4a8912a\" data-id=\"4a8912a\" data-element_type=\"column\">\n\t\t\t<div class=\"elementor-widget-wrap elementor-element-populated\">\n\t\t\t\t\t\t<div class=\"elementor-element elementor-element-3415be1 elementor-widget elementor-widget-image\" data-id=\"3415be1\" data-element_type=\"widget\" data-widget_type=\"image.default\">\n\t\t\t\t<div class=\"elementor-widget-container\">\n\t\t\t\t\t\t\t\t\t\t\t\t\t\t\t<img decoding=\"async\" width=\"1024\" height=\"589\" src=\"https:\/\/cultdev.net\/drschwab\/wp-content\/uploads\/2020\/04\/Bild-34-1024x589.jpg\" class=\"attachment-large size-large wp-image-16\" alt=\"\" srcset=\"https:\/\/cultdev.net\/drschwab\/wp-content\/uploads\/2020\/04\/Bild-34-1024x589.jpg 1024w, https:\/\/cultdev.net\/drschwab\/wp-content\/uploads\/2020\/04\/Bild-34-300x173.jpg 300w, https:\/\/cultdev.net\/drschwab\/wp-content\/uploads\/2020\/04\/Bild-34-768x442.jpg 768w, https:\/\/cultdev.net\/drschwab\/wp-content\/uploads\/2020\/04\/Bild-34-1536x883.jpg 1536w, https:\/\/cultdev.net\/drschwab\/wp-content\/uploads\/2020\/04\/Bild-34.jpg 1920w\" sizes=\"(max-width: 1024px) 100vw, 1024px\" \/>\t\t\t\t\t\t\t\t\t\t\t\t\t\t\t<\/div>\n\t\t\t\t<\/div>\n\t\t\t\t<div class=\"elementor-element elementor-element-c294df6 elementor-widget elementor-widget-text-editor\" data-id=\"c294df6\" data-element_type=\"widget\" data-widget_type=\"text-editor.default\">\n\t\t\t\t<div class=\"elementor-widget-container\">\n\t\t\t\t\t\t\t\t\t<h1 style=\"font-size: 1.7rem; text-transform: uppercase; letter-spacing: -1px; line-height: 1.0;\"><span style=\"font-weight: bold; color: #9d7f6a;\">Vor- und Nachteile<\/span>\n<br>\n<span style=\"font-weight: 100;\">einer Schnarch OP<sup>*<\/sup><\/span><\/h1>\t\t\t\t\t\t\t\t<\/div>\n\t\t\t\t<\/div>\n\t\t\t\t\t<\/div>\n\t\t<\/div>\n\t\t\t\t\t<\/div>\n\t\t<\/section>\n\t\t\t\t<section class=\"elementor-section elementor-top-section elementor-element elementor-element-3938804 elementor-section-full_width elementor-section-height-default elementor-section-height-default\" data-id=\"3938804\" data-element_type=\"section\" data-settings=\"{&quot;background_background&quot;:&quot;classic&quot;}\">\n\t\t\t\t\t\t<div class=\"elementor-container elementor-column-gap-default\">\n\t\t\t\t\t<div class=\"elementor-column elementor-col-100 elementor-top-column elementor-element elementor-element-8f3ff98\" data-id=\"8f3ff98\" data-element_type=\"column\">\n\t\t\t<div class=\"elementor-widget-wrap elementor-element-populated\">\n\t\t\t\t\t\t<section class=\"elementor-section elementor-inner-section elementor-element elementor-element-f148fa4 elementor-section-boxed elementor-section-height-default elementor-section-height-default\" data-id=\"f148fa4\" data-element_type=\"section\">\n\t\t\t\t\t\t<div class=\"elementor-container elementor-column-gap-wider\">\n\t\t\t\t\t<div class=\"elementor-column elementor-col-50 elementor-inner-column elementor-element elementor-element-bc7657a\" data-id=\"bc7657a\" data-element_type=\"column\" data-settings=\"{&quot;background_background&quot;:&quot;classic&quot;}\">\n\t\t\t<div class=\"elementor-widget-wrap elementor-element-populated\">\n\t\t\t\t\t\t<div class=\"elementor-element elementor-element-68d7b7a elementor-widget elementor-widget-heading\" data-id=\"68d7b7a\" data-element_type=\"widget\" data-widget_type=\"heading.default\">\n\t\t\t\t<div class=\"elementor-widget-container\">\n\t\t\t\t\t<h2 class=\"elementor-heading-title elementor-size-default\">PRO<\/h2>\t\t\t\t<\/div>\n\t\t\t\t<\/div>\n\t\t\t\t<div class=\"elementor-element elementor-element-22bb6a0 elementor-widget elementor-widget-text-editor\" data-id=\"22bb6a0\" data-element_type=\"widget\" data-widget_type=\"text-editor.default\">\n\t\t\t\t<div class=\"elementor-widget-container\">\n\t\t\t\t\t\t\t\t\t<ul>\n<li>Profitieren Sie von knapp 30 Jahren Erfahrung<\/li>\n<li>Bei medizinischer Indikation zahlt die Krankenkasse die Behandlung<\/li>\n<li>Ein einziger operativer Eingriff kann meist die Beschwerden deutlich verbessern<\/li>\n<li>Die Operation ist darauf zugeschnitten, den Patienten von l\u00e4stigen technischen Hilfsmitteln zu befreien (cPAP-Maske, Schnarchschiene, Nasenklammer etc.)<\/li>\n<li>Ein kleiner Eingriff kann h\u00e4ufig zu einem deutlich verbessertem Lebensgef\u00fchl beitragen, die eigene Leistungsf\u00e4higkeit erh\u00f6hten und die Schlafqualit\u00e4t steigern.<\/li>\n<li>Nicht allein der Patient kann von einem Eingriff profitieren. Auch Lebenspartner k\u00f6nnen wieder ruhig durchschlafen.<\/li>\n<\/ul>\t\t\t\t\t\t\t\t<\/div>\n\t\t\t\t<\/div>\n\t\t\t\t\t<\/div>\n\t\t<\/div>\n\t\t\t\t<div class=\"elementor-column elementor-col-50 elementor-inner-column elementor-element elementor-element-0433a32\" data-id=\"0433a32\" data-element_type=\"column\" data-settings=\"{&quot;background_background&quot;:&quot;classic&quot;}\">\n\t\t\t<div class=\"elementor-widget-wrap elementor-element-populated\">\n\t\t\t\t\t\t<div class=\"elementor-element elementor-element-c6ba969 elementor-widget elementor-widget-heading\" data-id=\"c6ba969\" data-element_type=\"widget\" data-widget_type=\"heading.default\">\n\t\t\t\t<div class=\"elementor-widget-container\">\n\t\t\t\t\t<h2 class=\"elementor-heading-title elementor-size-default\">CONTRA<\/h2>\t\t\t\t<\/div>\n\t\t\t\t<\/div>\n\t\t\t\t<div class=\"elementor-element elementor-element-a5a4c80 elementor-widget elementor-widget-text-editor\" data-id=\"a5a4c80\" data-element_type=\"widget\" data-widget_type=\"text-editor.default\">\n\t\t\t\t<div class=\"elementor-widget-container\">\n\t\t\t\t\t\t\t\t\t<ul><li>Fehlt die medizinische Indikation, wird die Operation zur Selbstzahlerleistung. Wir beraten Sie gerne!<\/li>\n<li>Meist sind mit einem operativen Eingriff 1-2 Tage Krankenhausaufenthalt verbunden. Zur Vermeidung Ihrer beruflichen Fehltage, beziehen wir jedoch auch das Wochenende in die Genesungszeit ein. Sie verpassen daher nicht viel!<\/li>\n<li>F\u00fcr nicht in Z\u00fcrich ans\u00e4ssige Patienten ist eine Anreise erforderlich. Daf\u00fcr wird Ihnen jedoch das gesamte Spektrum der Schnarchoperationen geboten. Die Anreise lohnt sich daher.<\/li>\n<\/ul>\t\t\t\t\t\t\t\t<\/div>\n\t\t\t\t<\/div>\n\t\t\t\t\t<\/div>\n\t\t<\/div>\n\t\t\t\t\t<\/div>\n\t\t<\/section>\n\t\t\t\t\t<\/div>\n\t\t<\/div>\n\t\t\t\t\t<\/div>\n\t\t<\/section>\n\t\t\t\t<section class=\"elementor-section elementor-top-section elementor-element elementor-element-01d4e89 elementor-section-boxed elementor-section-height-default elementor-section-height-default\" data-id=\"01d4e89\" data-element_type=\"section\" data-settings=\"{&quot;background_background&quot;:&quot;classic&quot;}\">\n\t\t\t\t\t\t<div class=\"elementor-container elementor-column-gap-default\">\n\t\t\t\t\t<div class=\"elementor-column elementor-col-100 elementor-top-column elementor-element elementor-element-2fe09c7\" data-id=\"2fe09c7\" data-element_type=\"column\">\n\t\t\t<div class=\"elementor-widget-wrap elementor-element-populated\">\n\t\t\t\t\t\t<div class=\"elementor-element elementor-element-ee38d86 elementor-widget elementor-widget-text-editor\" data-id=\"ee38d86\" data-element_type=\"widget\" data-widget_type=\"text-editor.default\">\n\t\t\t\t<div class=\"elementor-widget-container\">\n\t\t\t\t\t\t\t\t\t<p>*Die aufgelisteten Punkte berufen sich auf Durchschnittserfahrungen. In der Praxis bedarf es einer, auf den Patienten im voraus abgestimmten Individualentscheidung<\/p>\t\t\t\t\t\t\t\t<\/div>\n\t\t\t\t<\/div>\n\t\t\t\t\t<\/div>\n\t\t<\/div>\n\t\t\t\t\t<\/div>\n\t\t<\/section>\n\t\t\t\t<\/div>","protected":false},"excerpt":{"rendered":"<p>Vor- und Nachteile einer Schnarch OP* Vor- und Nachteile einer Schnarch OP* Vor- und Nachteile einer Schnarch OP* PRO Profitieren Sie von knapp 30 Jahren Erfahrung Bei medizinischer Indikation zahlt die Krankenkasse die Behandlung Ein einziger operativer Eingriff kann meist die Beschwerden deutlich verbessern Die Operation ist darauf zugeschnitten, den Patienten von l\u00e4stigen technischen Hilfsmitteln &#8230; <a title=\"Pro-Contra\" class=\"read-more\" href=\"https:\/\/cultdev.net\/drschwab\/en\/pro-contra\" aria-label=\"More on Pro-Contra\">Read more<\/a><\/p>","protected":false},"author":4,"featured_media":0,"parent":0,"menu_order":0,"comment_status":"closed","ping_status":"closed","template":"elementor_header_footer","meta":{"footnotes":""},"class_list":["post-886","page","type-page","status-publish"],"_links":{"self":[{"href":"https:\/\/cultdev.net\/drschwab\/en\/wp-json\/wp\/v2\/pages\/886","targetHints":{"allow":["GET"]}}],"collection":[{"href":"https:\/\/cultdev.net\/drschwab\/en\/wp-json\/wp\/v2\/pages"}],"about":[{"href":"https:\/\/cultdev.net\/drschwab\/en\/wp-json\/wp\/v2\/types\/page"}],"author":[{"embeddable":true,"href":"https:\/\/cultdev.net\/drschwab\/en\/wp-json\/wp\/v2\/users\/4"}],"replies":[{"embeddable":true,"href":"https:\/\/cultdev.net\/drschwab\/en\/wp-json\/wp\/v2\/comments?post=886"}],"version-history":[{"count":34,"href":"https:\/\/cultdev.net\/drschwab\/en\/wp-json\/wp\/v2\/pages\/886\/revisions"}],"predecessor-version":[{"id":925,"href":"https:\/\/cultdev.net\/drschwab\/en\/wp-json\/wp\/v2\/pages\/886\/revisions\/925"}],"wp:attachment":[{"href":"https:\/\/cultdev.net\/drschwab\/en\/wp-json\/wp\/v2\/media?parent=886"}],"curies":[{"name":"wp","href":"https:\/\/api.w.org\/{rel}","templated":true}]}}