{"id":1277,"date":"2021-10-18T08:07:16","date_gmt":"2021-10-18T08:07:16","guid":{"rendered":"https:\/\/cultdev.net\/drschwab\/?page_id=1277"},"modified":"2022-03-07T16:07:38","modified_gmt":"2022-03-07T16:07:38","slug":"terminvereinbarung","status":"publish","type":"page","link":"https:\/\/cultdev.net\/drschwab\/fr\/terminvereinbarung","title":{"rendered":"Terminvereinbarung"},"content":{"rendered":"<div data-elementor-type=\"wp-page\" data-elementor-id=\"1277\" class=\"elementor elementor-1277\" data-elementor-post-type=\"page\">\n\t\t\t\t\t\t<section class=\"elementor-section elementor-top-section elementor-element elementor-element-9f8c03c elementor-section-boxed elementor-section-height-default elementor-section-height-default\" data-id=\"9f8c03c\" data-element_type=\"section\">\n\t\t\t\t\t\t<div class=\"elementor-container elementor-column-gap-default\">\n\t\t\t\t\t<div class=\"elementor-column elementor-col-100 elementor-top-column elementor-element elementor-element-bb2dcc9\" data-id=\"bb2dcc9\" data-element_type=\"column\">\n\t\t\t<div class=\"elementor-widget-wrap elementor-element-populated\">\n\t\t\t\t\t\t<div class=\"elementor-element elementor-element-c3f49c7 elementor-widget elementor-widget-html\" data-id=\"c3f49c7\" data-element_type=\"widget\" data-widget_type=\"html.default\">\n\t\t\t\t<div class=\"elementor-widget-container\">\n\t\t\t\t\t <iframe src=\"https:\/\/onlinetermine.zollsoft.de\/patientenTermine.php?uniqueident=610ac57d7d2f0\" width=\"100%\" height=\"1000\"><\/iframe> \t\t\t\t<\/div>\n\t\t\t\t<\/div>\n\t\t\t\t\t<\/div>\n\t\t<\/div>\n\t\t\t\t\t<\/div>\n\t\t<\/section>\n\t\t\t\t<section class=\"elementor-section elementor-top-section elementor-element elementor-element-b1c56db elementor-section-boxed elementor-section-height-default elementor-section-height-default\" data-id=\"b1c56db\" data-element_type=\"section\">\n\t\t\t\t\t\t<div class=\"elementor-container elementor-column-gap-default\">\n\t\t\t\t\t<div class=\"elementor-column elementor-col-100 elementor-top-column elementor-element elementor-element-c734448\" data-id=\"c734448\" data-element_type=\"column\">\n\t\t\t<div class=\"elementor-widget-wrap elementor-element-populated\">\n\t\t\t\t\t\t<div class=\"elementor-element elementor-element-aae882b elementor-widget elementor-widget-text-editor\" data-id=\"aae882b\" data-element_type=\"widget\" data-widget_type=\"text-editor.default\">\n\t\t\t\t<div class=\"elementor-widget-container\">\n\t\t\t\t\t\t\t\t\t<p>alternative L\u00f6sung \u00fcber den Button wie in der M\u00fcnchener Praxis<\/p><p>\u00a0<\/p>\t\t\t\t\t\t\t\t<\/div>\n\t\t\t\t<\/div>\n\t\t\t\t\t<\/div>\n\t\t<\/div>\n\t\t\t\t\t<\/div>\n\t\t<\/section>\n\t\t\t\t<section class=\"elementor-section elementor-top-section elementor-element elementor-element-27fcba3 elementor-section-boxed elementor-section-height-default elementor-section-height-default\" data-id=\"27fcba3\" data-element_type=\"section\">\n\t\t\t\t\t\t<div class=\"elementor-container elementor-column-gap-default\">\n\t\t\t\t\t<div class=\"elementor-column elementor-col-100 elementor-top-column elementor-element elementor-element-e146345\" data-id=\"e146345\" data-element_type=\"column\">\n\t\t\t<div class=\"elementor-widget-wrap elementor-element-populated\">\n\t\t\t\t\t\t<div class=\"elementor-element elementor-element-5b7da28 elementor-align-center elementor-widget elementor-widget-button\" data-id=\"5b7da28\" data-element_type=\"widget\" data-widget_type=\"button.default\">\n\t\t\t\t<div class=\"elementor-widget-container\">\n\t\t\t\t\t\t\t\t\t<div class=\"elementor-button-wrapper\">\n\t\t\t\t\t<a class=\"elementor-button elementor-button-link elementor-size-md\" href=\"https:\/\/onlinetermine.zollsoft.de\/patientenTermine.php?uniqueident=6168173d54c88\" target=\"_blank\">\n\t\t\t\t\t\t<span class=\"elementor-button-content-wrapper\">\n\t\t\t\t\t\t\t\t\t<span class=\"elementor-button-text\">Terminvereinbarung<\/span>\n\t\t\t\t\t<\/span>\n\t\t\t\t\t<\/a>\n\t\t\t\t<\/div>\n\t\t\t\t\t\t\t\t<\/div>\n\t\t\t\t<\/div>\n\t\t\t\t\t<\/div>\n\t\t<\/div>\n\t\t\t\t\t<\/div>\n\t\t<\/section>\n\t\t\t\t<\/div>","protected":false},"excerpt":{"rendered":"<p>alternative L\u00f6sung \u00fcber den Button wie in der M\u00fcnchener Praxis \u00a0 Terminvereinbarung<\/p>","protected":false},"author":4,"featured_media":0,"parent":0,"menu_order":0,"comment_status":"closed","ping_status":"closed","template":"elementor_header_footer","meta":{"footnotes":""},"class_list":["post-1277","page","type-page","status-publish"],"_links":{"self":[{"href":"https:\/\/cultdev.net\/drschwab\/fr\/wp-json\/wp\/v2\/pages\/1277","targetHints":{"allow":["GET"]}}],"collection":[{"href":"https:\/\/cultdev.net\/drschwab\/fr\/wp-json\/wp\/v2\/pages"}],"about":[{"href":"https:\/\/cultdev.net\/drschwab\/fr\/wp-json\/wp\/v2\/types\/page"}],"author":[{"embeddable":true,"href":"https:\/\/cultdev.net\/drschwab\/fr\/wp-json\/wp\/v2\/users\/4"}],"replies":[{"embeddable":true,"href":"https:\/\/cultdev.net\/drschwab\/fr\/wp-json\/wp\/v2\/comments?post=1277"}],"version-history":[{"count":12,"href":"https:\/\/cultdev.net\/drschwab\/fr\/wp-json\/wp\/v2\/pages\/1277\/revisions"}],"predecessor-version":[{"id":1306,"href":"https:\/\/cultdev.net\/drschwab\/fr\/wp-json\/wp\/v2\/pages\/1277\/revisions\/1306"}],"wp:attachment":[{"href":"https:\/\/cultdev.net\/drschwab\/fr\/wp-json\/wp\/v2\/media?parent=1277"}],"curies":[{"name":"wp","href":"https:\/\/api.w.org\/{rel}","templated":true}]}}