{"id":280,"date":"2020-04-23T13:54:09","date_gmt":"2020-04-23T13:54:09","guid":{"rendered":"https:\/\/cultdev.net\/drschwab\/erfahrungsberichte-copy"},"modified":"2020-04-30T13:03:41","modified_gmt":"2020-04-30T13:03:41","slug":"faq","status":"publish","type":"page","link":"https:\/\/cultdev.net\/drschwab\/fr\/faq","title":{"rendered":"FAQ"},"content":{"rendered":"<div data-elementor-type=\"wp-page\" data-elementor-id=\"280\" class=\"elementor elementor-280\" data-elementor-post-type=\"page\">\n\t\t\t\t\t\t<section class=\"elementor-section elementor-top-section elementor-element elementor-element-e77e8dc elementor-section-boxed elementor-section-height-default elementor-section-height-default\" data-id=\"e77e8dc\" data-element_type=\"section\">\n\t\t\t\t\t\t<div class=\"elementor-container elementor-column-gap-default\">\n\t\t\t\t\t<div class=\"elementor-column elementor-col-100 elementor-top-column elementor-element elementor-element-c2e02a4\" data-id=\"c2e02a4\" data-element_type=\"column\">\n\t\t\t<div class=\"elementor-widget-wrap elementor-element-populated\">\n\t\t\t\t\t\t<div class=\"elementor-element elementor-element-fac66c5 elementor-widget elementor-widget-heading\" data-id=\"fac66c5\" data-element_type=\"widget\" data-widget_type=\"heading.default\">\n\t\t\t\t<div class=\"elementor-widget-container\">\n\t\t\t\t\t<h1 class=\"elementor-heading-title elementor-size-default\">FAQ<\/h1>\t\t\t\t<\/div>\n\t\t\t\t<\/div>\n\t\t\t\t\t<\/div>\n\t\t<\/div>\n\t\t\t\t\t<\/div>\n\t\t<\/section>\n\t\t\t\t<section class=\"elementor-section elementor-top-section elementor-element elementor-element-9b9d8a6 elementor-section-boxed elementor-section-height-default elementor-section-height-default\" data-id=\"9b9d8a6\" data-element_type=\"section\">\n\t\t\t\t\t\t<div class=\"elementor-container elementor-column-gap-default\">\n\t\t\t\t\t<div class=\"elementor-column elementor-col-100 elementor-top-column elementor-element elementor-element-c952df2\" data-id=\"c952df2\" data-element_type=\"column\">\n\t\t\t<div class=\"elementor-widget-wrap\">\n\t\t\t\t\t\t\t<\/div>\n\t\t<\/div>\n\t\t\t\t\t<\/div>\n\t\t<\/section>\n\t\t\t\t<section class=\"elementor-section elementor-top-section elementor-element elementor-element-3e3ade1 elementor-section-boxed elementor-section-height-default elementor-section-height-default\" data-id=\"3e3ade1\" data-element_type=\"section\">\n\t\t\t\t\t\t<div class=\"elementor-container elementor-column-gap-default\">\n\t\t\t\t\t<div class=\"elementor-column elementor-col-100 elementor-top-column elementor-element elementor-element-11994c7\" data-id=\"11994c7\" data-element_type=\"column\">\n\t\t\t<div class=\"elementor-widget-wrap elementor-element-populated\">\n\t\t\t\t\t\t<div class=\"elementor-element elementor-element-a8c2b61 elementor-widget elementor-widget-text-editor\" data-id=\"a8c2b61\" data-element_type=\"widget\" data-widget_type=\"text-editor.default\">\n\t\t\t\t<div class=\"elementor-widget-container\">\n\t\t\t\t\t\t\t\t\t<p><span style=\"color: #9d7f6a;\"><strong>Warum gibt es keine \u201eSchwab-Therapie\u00ae\u201c?<\/strong><\/span><br \/>Weil die Stufentherapie heute eine Selbstverst\u00e4ndlichkeit darstellt und jeder Patient eine auf seine individuellen Bed\u00fcrfnisse abgestimmte Therapie erh\u00e4lt. Dabei ist es erforderlich, alle Therapiem\u00f6glichkeiten in der gesamten Breite abzubilden, was wiederum nicht alle Zentren anbieten k\u00f6nnen. Es besteht somit keine Notwendigkeit der Markenbildung f\u00fcr ein standardisiertes Vorgehen, da jeder Mensch in der Auspr\u00e4gung seiner Anatomie und seiner individuellen Physiologie variiert. Diesem Umstand tragen wir Rechnung und versuchen deshalb auch jedem Patienten eine f\u00fcr Ihn ma\u00dfgeschneiderte individuelle L\u00f6sung seines Problems anzubieten.<\/p><p><span style=\"color: #9d7f6a;\"><strong>Warum brauche ich eine\u00a0Sleep-Nose-Endoskopy?<\/strong><\/span><br \/>Hiermit kann eine genaue Lokalisation des Kollapses der Atemwege erfolgen. Der Patient wird unter kontrollierten Bedingungen im OP unter Aufsicht eines An\u00e4sthesisten unter Einsatz eines speziellen Medikaments in einen Schlafzustand versetzt, bei dem er die Schnarchsymptomatik zeigt. Mit einem sehr kleinen Endoskop werden die oberen Atemwege dargestellt. Engstellen oder der Kollaps von Weichteilen auf den verschiedenen Abschnitten in der Nase, dem Nasenrachen und dem Gaumen, Zungengrund und Kehlkopf werden erkannt und dokumentiert. Daraus resultiert eine f\u00fcr den Patienten ma\u00dfgeschneiderte Therapie.<\/p><p><span style=\"color: #9d7f6a;\"><strong>Ist\u00a0immer eine Vollnarkose erforderlich?<\/strong><\/span><br \/>F\u00fcr die Nasenmuschellaserung reicht h\u00e4ufig eine \u00f6rtliche Bet\u00e4ubung aus. Die Sleep-Nose-Endoskopy erfolgt unter medikament\u00f6sen Einfluss, der einer Maskenbeatmung gleichzustellen ist. Eine Intubation ist zu diesem Zeitpunkt noch nicht erforderlich.<br \/>Die Korrektur an der kn\u00f6chernen und knorpligen Nase, dem Kiefer, den Weichteilen des Gaumens oder am Zungennerven erfolgen \u00fcblicherweise unter Vollnarkose.<\/p><p><span style=\"color: #9d7f6a;\"><strong>Brauche ich eine Tamponierung der Nase?<\/strong><\/span><br \/>In den allermeisten F\u00e4llen kommen wir ohne eine Nasentamponade aus. Das hei\u00dft, dass direkt nach der Operation wieder durch die Nase geatmet werden kann, was besonders f\u00fcr Apnoiker von gr\u00f6\u00dfter Bedeutung ist. Dadurch treten auch keine der h\u00e4ufig durch eine komplette Austamponierung der Nase verursachten Kopfschmerzen auf. Auch gef\u00e4hrliche Apnoephasen, die sonst durch eine zus\u00e4tzliche Tamponieren der Nase noch verst\u00e4rkt w\u00fcrden, k\u00f6nnen dadurch vermieden werden. Auch das l\u00e4stige Ziehen der Tamponade, da\u00df viele Patienten noch in traumatischer Erinnerung haben, entf\u00e4llt damit.<\/p><p><span style=\"color: #9d7f6a;\"><strong>Wie schmerzhaft sind die Eingriffe?<\/strong><\/span><br \/>Die Eingriffe werden in der Regel gut toleriert und sind meist wenig oder gar nicht schmerzhaft. Da Schmerz jedoch eine sehr individuelle Empfindung ist, k\u00f6nnen bei Bedarf auch entsprechende Medikamente gegeben werden.<\/p><p><span style=\"color: #9d7f6a;\"><strong>Wie sieht es mit der Arbeitsf\u00e4higkeit aus?<\/strong><\/span><br \/>In der Regel kann bei unkompliziertem Heilungsverlauf nach 2-3 Tagen wieder gearbeitet werden.<\/p>\t\t\t\t\t\t\t\t<\/div>\n\t\t\t\t<\/div>\n\t\t\t\t\t<\/div>\n\t\t<\/div>\n\t\t\t\t\t<\/div>\n\t\t<\/section>\n\t\t\t\t<\/div>","protected":false},"excerpt":{"rendered":"<p>FAQ Warum gibt es keine \u201eSchwab-Therapie\u00ae\u201c? Weil die Stufentherapie heute eine Selbstverst\u00e4ndlichkeit darstellt und jeder Patient eine auf seine individuellen Bed\u00fcrfnisse abgestimmte Therapie erh\u00e4lt. Dabei ist es erforderlich, alle Therapiem\u00f6glichkeiten in der gesamten Breite abzubilden, was wiederum nicht alle Zentren anbieten k\u00f6nnen. Es besteht somit keine Notwendigkeit der Markenbildung f\u00fcr ein standardisiertes Vorgehen, da jeder &#8230; <a title=\"FAQ\" class=\"read-more\" href=\"https:\/\/cultdev.net\/drschwab\/fr\/faq\" aria-label=\"En savoir plus sur FAQ\">Lire la suite<\/a><\/p>","protected":false},"author":4,"featured_media":0,"parent":0,"menu_order":0,"comment_status":"closed","ping_status":"closed","template":"elementor_header_footer","meta":{"footnotes":""},"class_list":["post-280","page","type-page","status-publish"],"_links":{"self":[{"href":"https:\/\/cultdev.net\/drschwab\/fr\/wp-json\/wp\/v2\/pages\/280","targetHints":{"allow":["GET"]}}],"collection":[{"href":"https:\/\/cultdev.net\/drschwab\/fr\/wp-json\/wp\/v2\/pages"}],"about":[{"href":"https:\/\/cultdev.net\/drschwab\/fr\/wp-json\/wp\/v2\/types\/page"}],"author":[{"embeddable":true,"href":"https:\/\/cultdev.net\/drschwab\/fr\/wp-json\/wp\/v2\/users\/4"}],"replies":[{"embeddable":true,"href":"https:\/\/cultdev.net\/drschwab\/fr\/wp-json\/wp\/v2\/comments?post=280"}],"version-history":[{"count":12,"href":"https:\/\/cultdev.net\/drschwab\/fr\/wp-json\/wp\/v2\/pages\/280\/revisions"}],"predecessor-version":[{"id":568,"href":"https:\/\/cultdev.net\/drschwab\/fr\/wp-json\/wp\/v2\/pages\/280\/revisions\/568"}],"wp:attachment":[{"href":"https:\/\/cultdev.net\/drschwab\/fr\/wp-json\/wp\/v2\/media?parent=280"}],"curies":[{"name":"wp","href":"https:\/\/api.w.org\/{rel}","templated":true}]}}