{"id":388,"date":"2020-04-26T15:09:42","date_gmt":"2020-04-26T15:09:42","guid":{"rendered":"https:\/\/cultdev.net\/drschwab\/faq-copy"},"modified":"2021-06-24T13:21:12","modified_gmt":"2021-06-24T13:21:12","slug":"glossar-nasenoperation-schnarchen","status":"publish","type":"page","link":"https:\/\/cultdev.net\/drschwab\/fr\/glossar-nasenoperation-schnarchen","title":{"rendered":"Glossar"},"content":{"rendered":"<div data-elementor-type=\"wp-page\" data-elementor-id=\"388\" class=\"elementor elementor-388\" data-elementor-post-type=\"page\">\n\t\t\t\t\t\t<section class=\"elementor-section elementor-top-section elementor-element elementor-element-e77e8dc elementor-section-boxed elementor-section-height-default elementor-section-height-default\" data-id=\"e77e8dc\" data-element_type=\"section\">\n\t\t\t\t\t\t<div class=\"elementor-container elementor-column-gap-default\">\n\t\t\t\t\t<div class=\"elementor-column elementor-col-100 elementor-top-column elementor-element elementor-element-c2e02a4\" data-id=\"c2e02a4\" data-element_type=\"column\">\n\t\t\t<div class=\"elementor-widget-wrap elementor-element-populated\">\n\t\t\t\t\t\t<div class=\"elementor-element elementor-element-fac66c5 elementor-widget elementor-widget-heading\" data-id=\"fac66c5\" data-element_type=\"widget\" data-widget_type=\"heading.default\">\n\t\t\t\t<div class=\"elementor-widget-container\">\n\t\t\t\t\t<h1 class=\"elementor-heading-title elementor-size-default\">Glossar - Nasenoperation Schnarchen<\/h1>\t\t\t\t<\/div>\n\t\t\t\t<\/div>\n\t\t\t\t\t<\/div>\n\t\t<\/div>\n\t\t\t\t\t<\/div>\n\t\t<\/section>\n\t\t\t\t<section class=\"elementor-section elementor-top-section elementor-element elementor-element-bdea1f5 elementor-section-boxed elementor-section-height-default elementor-section-height-default\" data-id=\"bdea1f5\" data-element_type=\"section\">\n\t\t\t\t\t\t<div class=\"elementor-container elementor-column-gap-default\">\n\t\t\t\t\t<div class=\"elementor-column elementor-col-100 elementor-top-column elementor-element elementor-element-6e23f36\" data-id=\"6e23f36\" data-element_type=\"column\">\n\t\t\t<div class=\"elementor-widget-wrap elementor-element-populated\">\n\t\t\t\t\t\t<div class=\"elementor-element elementor-element-e01c1f3 elementor-widget elementor-widget-text-editor\" data-id=\"e01c1f3\" data-element_type=\"widget\" data-widget_type=\"text-editor.default\">\n\t\t\t\t<div class=\"elementor-widget-container\">\n\t\t\t\t\t\t\t\t\t<h2>Apnoe\/Schlafapnoe\u00a0<\/h2><p>Die Schlafapnoe wird grunds\u00e4tzlich in die <b>obstruktive Schlafapnoe<\/b>, die <b>zentrale Schlafapnoe<\/b> oder Mischformen der beiden unterschieden.<\/p><p>Bei der <b>obstruktiven Schlafapnoe<\/b> kommt es zu einem vollst\u00e4ndigen oder teilweisen Verschluss der oberen Atemwege. Das f\u00fchrt zu Apnoen oder\/und Hypopnoen. Der Patient bemerkt dabei in der Regel eine Tagesschl\u00e4frigkeit zum Teil mit dem gef\u00e4hrlichen \u201eSekundenschlaf\u201c. Es gibt aber auch Patienten, die selbst tags\u00fcber keine Einschr\u00e4nkung der Vigilanz versp\u00fcren, obwohl die n\u00e4chtlichen Sauerstoffents\u00e4ttigungen den Schlaf und die inneren Organe, insbesondere Gehirn und Herz empfindlich st\u00f6ren. Die kognitive Leistungsf\u00e4higkeit wird dabei zunehmend eingeschr\u00e4nkt und damit auch die soziale Teilhabe am Leben der Anderen. Die Bettpartner berichten dabei h\u00e4ufig von Atempausen und nicht selten auch von paradoxer Atmung. Die \u201eParadoxe Atmung\u201c kommt durch den Versuch zustande, mit Bauch- und Brustatmung die Obstruktion zu \u00fcberwinden. Dabei kommt es zu typischen Einziehungen anstatt der sonst \u00fcblichen Ausdehnungen des Brustkorbs. Der Mangel an Sauerstoff (Hypox\u00e4mie) f\u00fchrt dabei im Blut zu einer Hyperkapnie und Azidose. Der Schweregrad der obstruktiven Schlafapnoe wird durch den \u201eApnoe-Hypopnoe-Index\u201c (AHI) ausgedr\u00fcckt und beschreibt die Anzahl der Atempausen einer definierten Dauer w\u00e4hrend einer Stunde Nachtschlafs. Dieser wird durch die polygraphische oder polysomnographische Messung ermittelt.<\/p><p><b>Zentrale Schlafapnoe<\/b> ist gekennzeichnet durch Atempausen in Folge unzureichenden Atemantriebs der neuronalen Versorgungszentren im Gehirn. Dabei kommt es trotz offener oder teilweise passiv kollabierter oberer Atemwege zu keiner Einatmung, da die Atemmuskulatur des Zwerchfells und die Zwischenrippenmuskulatur nicht aktiviert werden. Urs\u00e4chlich sind dabei neuromuskul\u00e4re Erkrankungen. Diese Form wird als <b>hyperkapnische<\/b> bezeichnet. In Abgrenzung dazu gibt es auch eine <b>nicht-hyperkapnische<\/b> Form der zentralen Schlafapnoe. Diese zeichnet sich durch einen gesteigerten Atmungsantrieb bei erh\u00f6hter Chemosensitivit\u00e4t aus (Basislager Extrembergsteiger). Die <b>Transkutane Kapnometrie<\/b> ist die sensitivste Methode zum Nachweis einer schlafbezogenen endtidalen Hyperkapnie und wird ebenfalls im Schlaflabor durchgef\u00fchrt. Bei adip\u00f6sen Patienten mit einem Bodymass Index \u00fcber 30kg\/m2 erscheint die Messung des ven\u00f6sen Bicarbonats im Wachzustand und des arteriellen oder kapill\u00e4ren pCO2 zum Ausschluss eines Obesitas-Hypoventilationssyndromes sinnvoll.<\/p><h2>CPAP Ger\u00e4t\u00a0<\/h2><p>Durch das sogenannte Positivdruckverfahren werden mit dem <b>Continuous Positive Airway Pressure<\/b> (CPAP) Ger\u00e4t die Atemwege offen gehalten, die bei vorliegender Krankheit sonst kollabieren w\u00fcrden. Dieses Verfahren ist die Referenzmethode in der Behandlung der obstruktiven Schlafapnoe. Der Beatmungsdruck wird dabei beginnend bei 4mbar so angehoben, dass Schnarchen, Apnoen, Hypopnoen und Respiratory Related Arousals nicht mehr vorkommen. Bei Bilevel wird mit einem inspiratorischen Druck von 8mbar und einem exspiratorischen Druck von 4mbar begonnen. Die Beatmungsdrucke werden bei CPAP bis maximal 15mbar und bei Bilevel inspiratorisch maximal 20mbar und exspiratorisch mit einer IPAP\/EPAP Differenz von zwischen 4 und 10mbar eingestellt. Bilevel ist dann erforderlich wenn CPAP Drucke von \u00fcber 15mbar erfordert, oder <b>CPAP<\/b> schlicht nicht toleriert wird. Wenn in der ersten Nacht keine Symptomreduktion durch die Titration erzielt werden kann, ist eine zweite Nacht erforderlich.<\/p><h2>Nasen-OP\/ Nasenoperation<\/h2><p>Abweichungen von der Normalform der inneren Nase f\u00fchren zu Einschr\u00e4nkungen wichtiger Funktionen. Diese sind die Durchstr\u00f6mung, Filtration und Klimatisierung der Atemluft. Auch die Riechfunktion und die immunologischen Abwehrfunktionen werden beeinflusst. Die Ursache sind Verkr\u00fcmmungen und Verbiegungen der Nasenscheidewand und \u00fcberm\u00e4\u00dfige Schwellung der sogenannten Nasenmuscheln, der Schwellk\u00f6rper in der Nase. Meist sind diese Abweichungen von der Optimalform durch Wachstum, traumatische Ereignisse, Frakturen oder auch \u00fcberm\u00e4\u00dfigen Konsum abschwellender Nasentropfen und anderer pharmakologisch wirksamer Substanzen verursacht. Die Operation ist segensreich und die postoperative Phase wenig schmerzhaft. Meist werden dabei der verkr\u00fcmmte Knorpel und Knochen entnommen, begradigt und wieder eingesetzt. Die Schwellk\u00f6rper in der Nase werden dann der neuen Situation angepasst. Nasentamponaden, wie sie fr\u00fcher verwendet wurden, sind h\u00e4ufig nicht mehr n\u00f6tig.<\/p><h2>Otopexie<\/h2><p>Die Otopexie, auch Ohranlegeplastik, Ohrmuschelanlegeplastik oder Ohranlegeoperation, ist ein chirurgisches Verfahren zur Korrektur von abstehenden Ohrmuscheln.<u>\u00a0<\/u><strong>Verantwortlich f\u00fcr sogenannte Segelohren sind normalerweise zwei Voraussetzungen: zum einen eine unterentwickelte oder fehlende Anthelix &#8211; das ist die <\/strong>Knorpelwelle, die bogenf\u00f6rmig von unten nach oben verlaufende, mit Haut bedeckte Vorw\u00f6lbung des Ohrknorpels auf der Vorderseite der Ohrmuschel. Und zum zweiten <strong>eine vergr\u00f6\u00dferte, abstehende Ohrmuschel (Concha). Dieser Knorpel wird <\/strong>im Falle des \u00fcberm\u00e4\u00dfig vorhandenen Knorpels <strong>w\u00e4hrend der Operation <\/strong>reduziert d.h. es wird ein St\u00fcck herausgenommen<strong>. <\/strong>Die Schnittf\u00fchrung bei dieser Operation ist grunds\u00e4tzlich von hinten durchzuf\u00fchren, so dass sp\u00e4ter keine Narben im sichtbaren Bereich liegen.\u00a0<\/p><p><a href=\"https:\/\/cultdev.net\/drschwab\/fr\/otopexie-ohrmuschelanlegeplastik\/\">Ausf\u00fchrliche Informationen finden Sie hier<\/a><\/p><h2>Rhinoplastik<\/h2><p>Nasenformen sind vielf\u00e4ltig und stark von individuellen Einfluss- und St\u00f6rgr\u00f6\u00dfen gepr\u00e4gt. Die \u00e4u\u00dfere Oberfl\u00e4che der Nase ist, bedingt durch das kn\u00f6chern-knorplige Nasenger\u00fcst, meist stabil, sofern der Gesichtssch\u00e4del ausgewachsen ist und die Nasenform nicht durch Unf\u00e4lle oder andere Einfl\u00fcsse ver\u00e4ndert wird. Die innere Oberfl\u00e4che der Nase ist gr\u00f6\u00dftenteils von schwellf\u00e4higem Gewebe ausgekleidet, das auf verschiedenste Umwelteinfl\u00fcsse reagieren und damit bis hin zur v\u00f6lligen Blockade die Nase verstopfen kann. Sind die Seitenknorpel zu weich, kommt es bei forcierter Inspiration zu einem Kollaps der inneren Nasenklappe, der oft genug bereits von au\u00dfen an den seitlichen Nasenw\u00e4nden kurz hinter der Nasenspitze sichtbar ist. Liegt dies vor, ist eine Stabilisierung unter Umst\u00e4nden mit einer kleinen Titanplatte erforderlich.<\/p><p>Die <b>Rhinoplastik<\/b> hat die Zielsetzung nicht nur die Nasenluftpassage, sondern auch die Form zu verbessern. Dabei wird zwischen einer geschlossenen und einer offenen Technik unterschieden. Bei der geschlossenen Technik ist die Schnittf\u00fchrung und damit der chirurgische Zugang von au\u00dfen nicht sichtbar. Die offene Technik erfolgt \u00fcber einen Schnitt am Nasensteg und dient der besseren \u00dcbersichtlichkeit bei komplexen Deformit\u00e4ten der knorpligen Nase und Nasenspitze.<\/p><p>In Abgrenzung zu einer \u00e4sthetischen <b>Rhinoplastik<\/b> f\u00fchrt eine funktionell \u00e4sthetische <b>Septo-Rhinoplastik<\/b> durch simultane Ver\u00e4nderung der inneren und \u00e4u\u00dferen Nase zu einer Beseitigung einer gest\u00f6rten &#8211; und Wiederherstellung einer normalen Funktion.<\/p><h2>Nasennebenh\u00f6hlenoperation<\/h2><p>Entz\u00fcndungen der Nasennebenh\u00f6hlen f\u00fchren durch die dabei auftretenden lokalen Schwellungen und den auch meist vorhandenen Sekretfluss zur Reduktion der Durchg\u00e4ngigkeit der Nase. Wenn diese Entz\u00fcndungen chronisch sind, k\u00f6nnen auch lokal oder systemisch angewandte Medikamente die Beschwerden nicht mehr lindern. In solchen F\u00e4llen ist eine chirurgische Sanierung erforderlich. Dabei werden unter endoskopischen Bedingungen \u00fcber die nat\u00fcrlichen \u00d6ffnungen, ggf. durch Unterst\u00fctzung mit Navigationshilfen die Entz\u00fcndung entfernt und breite Zug\u00e4nge angelegt. Dadurch wird die Drainage des aufgestauten Sekrets verbessert und die Nase frei, da sie wieder mehr Platz f\u00fcr den Luftstrom hat. Dies verbessert damit auch die Rahmensituation beim Schlafen und somit auch beim Schnarchen.<\/p><h2>Schnarchen<\/h2><p>Als Schnarchen wird ein eigenst\u00e4ndiges Ph\u00e4nomen bezeichnet, Schnarchen ist ein Symptom, keine Erkrankung. Diese Erscheinung umfasst atmungsabh\u00e4ngige akustische Ph\u00e4nomene, die in der Regel beim Einatmen auftreten k\u00f6nnen. Eine durchgef\u00fchrte schlafmedizinische Diagnostik schlie\u00dft andere ggf. gleichzeitig bestehende schlafbezogene Atmungsst\u00f6rungen aus. Risikofaktoren, die dieses Ph\u00e4nomen beg\u00fcnstigen k\u00f6nnen, sind unter anderem Fettleibigkeit bzw. erh\u00f6hter Body-Mass-Index, Nasenatmungsbehinderung, vergr\u00f6\u00dferter Weichgaumen und Konsum von Genussgiften wie Alkohol und Nikotin. Das m\u00e4nnliche Geschlecht ist h\u00e4ufiger betroffen. Die Bandbreite der akustischen Bel\u00e4stigung variiert h\u00e4ufig betr\u00e4chtlich.<\/p><h2>Schnarchdiagnostik<\/h2><p>Die Diagnostik umfasst die Anamnese, also die Schilderung der Beschwerden durch den Betroffenen aber auch durch den Bettpartner, bei dem h\u00e4ufig der Leidensdruck noch ausgepr\u00e4gter ist. Dabei k\u00f6nnen auch standardisierte Frageb\u00f6gen zur Anwendung kommen. Dann erfolgt die klinische Untersuchung der einzelnen Atemwegsabschnitte und der Morphologie, des Erscheinungsbildes des Sch\u00e4dels. Technische Untersuchungen umfassen akustische und bildgebende Verfahren, nasale Funktionstests und die allergologische Abkl\u00e4rung. H\u00e4ufig wird die Schlafendoskopie zur individuellen Lokalisation der Kollapsneigung der Atemwege genutzt.<\/p><h2>Polygraphie<\/h2><p>Ambulante Diagnostik von Schlafatemst\u00f6rungen. Messung mit reduzierter Messapparatur, dabei mindestens Messung von K\u00f6rperlage, Herzstromkurve, Sauerstoffs\u00e4ttigung, Atmungsanstrengung und Atemfluss, Einsatz bei hoher Pr\u00e4testwahrscheinlichkeit von Tagesm\u00fcdigkeit, beobachteten Atempausen und Schnarchen. Sie dient zur Bestimmung des Schweregrades und als sogenannte Vordiagnostik zur kardiorespiratorischen Polysomnographie im Schlaflabor. Mit ihr alleine kann allerdings keine Ausschlussdiagnostik f\u00fcr schlafbezogene Atmungsst\u00f6rungen erfolgen.<\/p><h2>Schlaflabor &#8211; Kardiorespiratorische Polysomnographie<\/h2><p>Objektives Verfahren zur Beurteilung des Schweregrades einer schlafbezogenen Atmungsst\u00f6rung. Dabei wird im Schlaflabor durch qualifiziertes Personal der Schlaf \u00fcberwacht und es werden dabei Daten gesammelt. Diese Methode stellt den Goldstandard f\u00fcr die Untersuchung des nicht erholsamen Schlafes dar. Die Messungen umfassen Herzstromkurve (EKG), Muskeltonus, Augenbewegungen im Schlaf, Hirnstrommessung und Videoaufzeichnungen der gesamten Schlafdauer. Damit kann die Schlaftiefe festgestellt werden. Es erlaubt Aussagen \u00fcber Tiefschlaf, Traumschlaf und Leichtschlaf. Lage und Lagever\u00e4nderungen sowie untypische Bewegungen wie Fu\u00dftritte (Restless Leg Syndrome) k\u00f6nnen dabei erfasst werden. Sauerstoffents\u00e4ttigungen und deren Folgen lassen sich gut darstellen.<\/p><h2>Schnarchschiene<\/h2><p>Die Unterkieferprotrusionsschiene wirkt am besten, wenn eine ausreichende Vorw\u00e4rtsbewegung des Unterkiefers erzielt werden kann. Zudem ist eine ausreichende Bezahnung des Kiefers erforderlich, damit die Schiene Halt findet. Hier sollten im Ober- und Unterkiefer je 8 belastbare Z\u00e4hne oder Implantate vorhanden sein. Sie stellt bei Patienten mit einer leichten oder mittelschweren obstruktiven Schlafapnoe (bis zu einem AHI von 30) eine Alternative zu den \u00dcberdruckverfahren dar. Bei \u00fcbergewichtigen Patienten mit einem Bodymass Index von \u00fcber 30kg\/m2 kann sie zus\u00e4tzlich zu den \u00dcberdruckma\u00dfnahmen eingesetzt werden.<br \/>Eine j\u00e4hrliche \u00dcberpr\u00fcfung des Effekts durch schlafmedizinisch geschulte \u00c4rzte ist dabei unerl\u00e4sslich.<\/p><h2>Zungenschrittmacher<\/h2><p>Die elektrophysiologische Reizung des Nervus hypoglossus f\u00fchrt zu einer Kontraktion der durch ihn versorgten muskul\u00e4ren Zungenanteile. Dadurch wird die Zunge nach vorne geschoben und die Atemwege werden frei. Durch die atemsynchrone Triggerung erfolgt die Stimulation des Nerven und damit das Vorschieben der Zunge nur w\u00e4hrend der Einatmungsphase.<\/p><p>Diese Methode ist den mittelschweren und schweren Atemwegsobstruktionen (AHI 15-45) vorbehalten. Der Bodymass Index sollte dabei 35kg\/m2 nicht \u00fcberschreiten. Eine konzentrische Obstruktion, die durch eine medikamenteninduzierte Schlafendoskopie festgestellt wird, ist f\u00fcr diese Methode ein Ausschlusskriterium. Der Zungenschrittmacher kommt dann in Betracht, wenn die CPAP Methode nicht vertragen oder nicht anwendbar ist.<\/p><h2>Umstellungsosteotomie<\/h2><p>Bimaxill\u00e4res Rotation Advancement ist eine Methode bei der die anatomischen Engstellen durch Umstellung des Ober- und Unterkiefers erweitert werden. Dabei ist der Unterkiefer in dem individuellem Sch\u00e4delwachstum und Gesichtssch\u00e4delaufbau zu klein, bzw. nicht ausreichend ausgebildet. Es kommt zum Kollaps der Atemwege, da der Posterior Airway Space (Abstand zwischen Zunge-bzw. Weichgaumen und Rachenhinterwand) nur 1cm oder weniger betr\u00e4gt. Durch die Operation werden nicht nur das Schnarchen und die obstruktive Schlafapnoe, sondern auch das Gesichtsprofil positiv ver\u00e4ndert.<\/p><p><b>Weitere wissenschaftlich erwiesene Fakten zu den schlafbezogenen Atmungsst\u00f6rungen:<\/b><\/p><ul><li>Es besteht ein Zusammenhang zwischen Schlafapnoe und b\u00f6sartigen Erkrankungen.<\/li><li>Die Schlafapnoe der schwangeren Mutter kann dem Neugeborenen schaden.<\/li><li>Demenz verschlechtert sich, wenn gleichzeitig eine unbehandelte Schlafapnoe besteht.<\/li><li>Die Pr\u00e4valenz der obstruktiven Schlafapnoe steigt seit Jahren an.<\/li><li>Bei Patienten mit Herzinsuffizienz tritt eine Schlafapnoe h\u00e4ufig auf. Das erh\u00f6ht die Sterblichkeit.<\/li><\/ul>\t\t\t\t\t\t\t\t<\/div>\n\t\t\t\t<\/div>\n\t\t\t\t\t<\/div>\n\t\t<\/div>\n\t\t\t\t\t<\/div>\n\t\t<\/section>\n\t\t\t\t<section class=\"elementor-section elementor-top-section elementor-element elementor-element-465f8d6 elementor-section-boxed elementor-section-height-default elementor-section-height-default\" data-id=\"465f8d6\" data-element_type=\"section\">\n\t\t\t\t\t\t<div class=\"elementor-container elementor-column-gap-default\">\n\t\t\t\t\t<div class=\"elementor-column elementor-col-100 elementor-top-column elementor-element elementor-element-afebe1c\" data-id=\"afebe1c\" data-element_type=\"column\">\n\t\t\t<div class=\"elementor-widget-wrap elementor-element-populated\">\n\t\t\t\t\t\t<div class=\"elementor-element elementor-element-5358ec7 elementor-widget elementor-widget-spacer\" data-id=\"5358ec7\" data-element_type=\"widget\" data-widget_type=\"spacer.default\">\n\t\t\t\t<div class=\"elementor-widget-container\">\n\t\t\t\t\t\t\t<div class=\"elementor-spacer\">\n\t\t\t<div class=\"elementor-spacer-inner\"><\/div>\n\t\t<\/div>\n\t\t\t\t\t\t<\/div>\n\t\t\t\t<\/div>\n\t\t\t\t\t<\/div>\n\t\t<\/div>\n\t\t\t\t\t<\/div>\n\t\t<\/section>\n\t\t\t\t<section class=\"elementor-section elementor-top-section elementor-element elementor-element-cac68be elementor-section-boxed elementor-section-height-default elementor-section-height-default\" data-id=\"cac68be\" data-element_type=\"section\">\n\t\t\t\t\t\t<div class=\"elementor-container elementor-column-gap-default\">\n\t\t\t\t\t<div class=\"elementor-column elementor-col-100 elementor-top-column elementor-element elementor-element-1ca6210\" data-id=\"1ca6210\" data-element_type=\"column\">\n\t\t\t<div class=\"elementor-widget-wrap\">\n\t\t\t\t\t\t\t<\/div>\n\t\t<\/div>\n\t\t\t\t\t<\/div>\n\t\t<\/section>\n\t\t\t\t<\/div>","protected":false},"excerpt":{"rendered":"<p>Glossar &#8211; Nasenoperation Schnarchen Apnoe\/Schlafapnoe\u00a0 Die Schlafapnoe wird grunds\u00e4tzlich in die obstruktive Schlafapnoe, die zentrale Schlafapnoe oder Mischformen der beiden unterschieden. Bei der obstruktiven Schlafapnoe kommt es zu einem vollst\u00e4ndigen oder teilweisen Verschluss der oberen Atemwege. Das f\u00fchrt zu Apnoen oder\/und Hypopnoen. Der Patient bemerkt dabei in der Regel eine Tagesschl\u00e4frigkeit zum Teil mit dem &#8230; <a title=\"Glossar\" class=\"read-more\" href=\"https:\/\/cultdev.net\/drschwab\/fr\/glossar-nasenoperation-schnarchen\" aria-label=\"En savoir plus sur Glossar\">Lire la suite<\/a><\/p>","protected":false},"author":4,"featured_media":0,"parent":0,"menu_order":0,"comment_status":"closed","ping_status":"closed","template":"elementor_header_footer","meta":{"footnotes":""},"class_list":["post-388","page","type-page","status-publish"],"_links":{"self":[{"href":"https:\/\/cultdev.net\/drschwab\/fr\/wp-json\/wp\/v2\/pages\/388","targetHints":{"allow":["GET"]}}],"collection":[{"href":"https:\/\/cultdev.net\/drschwab\/fr\/wp-json\/wp\/v2\/pages"}],"about":[{"href":"https:\/\/cultdev.net\/drschwab\/fr\/wp-json\/wp\/v2\/types\/page"}],"author":[{"embeddable":true,"href":"https:\/\/cultdev.net\/drschwab\/fr\/wp-json\/wp\/v2\/users\/4"}],"replies":[{"embeddable":true,"href":"https:\/\/cultdev.net\/drschwab\/fr\/wp-json\/wp\/v2\/comments?post=388"}],"version-history":[{"count":19,"href":"https:\/\/cultdev.net\/drschwab\/fr\/wp-json\/wp\/v2\/pages\/388\/revisions"}],"predecessor-version":[{"id":1275,"href":"https:\/\/cultdev.net\/drschwab\/fr\/wp-json\/wp\/v2\/pages\/388\/revisions\/1275"}],"wp:attachment":[{"href":"https:\/\/cultdev.net\/drschwab\/fr\/wp-json\/wp\/v2\/media?parent=388"}],"curies":[{"name":"wp","href":"https:\/\/api.w.org\/{rel}","templated":true}]}}