{"id":262,"date":"2020-04-23T13:29:25","date_gmt":"2020-04-23T13:29:25","guid":{"rendered":"https:\/\/cultdev.net\/drschwab\/?page_id=262"},"modified":"2020-05-26T04:29:25","modified_gmt":"2020-05-26T04:29:25","slug":"erfahrungsberichte","status":"publish","type":"page","link":"https:\/\/cultdev.net\/drschwab\/erfahrungsberichte","title":{"rendered":"Erfahrungsberichte"},"content":{"rendered":"\t\t<div data-elementor-type=\"wp-page\" data-elementor-id=\"262\" class=\"elementor elementor-262\" data-elementor-post-type=\"page\">\n\t\t\t\t\t\t<section class=\"elementor-section elementor-top-section elementor-element elementor-element-e77e8dc elementor-section-boxed elementor-section-height-default elementor-section-height-default\" data-id=\"e77e8dc\" data-element_type=\"section\">\n\t\t\t\t\t\t<div class=\"elementor-container elementor-column-gap-default\">\n\t\t\t\t\t<div class=\"elementor-column elementor-col-100 elementor-top-column elementor-element elementor-element-c2e02a4\" data-id=\"c2e02a4\" data-element_type=\"column\">\n\t\t\t<div class=\"elementor-widget-wrap elementor-element-populated\">\n\t\t\t\t\t\t<div class=\"elementor-element elementor-element-1d61898 elementor-widget elementor-widget-image\" data-id=\"1d61898\" data-element_type=\"widget\" data-widget_type=\"image.default\">\n\t\t\t\t<div class=\"elementor-widget-container\">\n\t\t\t\t\t\t\t\t\t\t\t\t\t\t\t<img fetchpriority=\"high\" decoding=\"async\" width=\"825\" height=\"178\" src=\"https:\/\/cultdev.net\/drschwab\/wp-content\/uploads\/2020\/04\/Gesunder-Schlaf-ohne-Schnarchen-Schwab2-1024x221.jpg\" class=\"attachment-large size-large wp-image-238\" alt=\"\" srcset=\"https:\/\/cultdev.net\/drschwab\/wp-content\/uploads\/2020\/04\/Gesunder-Schlaf-ohne-Schnarchen-Schwab2-1024x221.jpg 1024w, https:\/\/cultdev.net\/drschwab\/wp-content\/uploads\/2020\/04\/Gesunder-Schlaf-ohne-Schnarchen-Schwab2-300x65.jpg 300w, https:\/\/cultdev.net\/drschwab\/wp-content\/uploads\/2020\/04\/Gesunder-Schlaf-ohne-Schnarchen-Schwab2-768x166.jpg 768w, https:\/\/cultdev.net\/drschwab\/wp-content\/uploads\/2020\/04\/Gesunder-Schlaf-ohne-Schnarchen-Schwab2.jpg 1141w\" sizes=\"(max-width: 825px) 100vw, 825px\" \/>\t\t\t\t\t\t\t\t\t\t\t\t\t\t\t<\/div>\n\t\t\t\t<\/div>\n\t\t\t\t<div class=\"elementor-element elementor-element-fac66c5 elementor-widget elementor-widget-heading\" data-id=\"fac66c5\" data-element_type=\"widget\" data-widget_type=\"heading.default\">\n\t\t\t\t<div class=\"elementor-widget-container\">\n\t\t\t\t\t<h1 class=\"elementor-heading-title elementor-size-default\">Erfahrungsberichte<\/h1>\t\t\t\t<\/div>\n\t\t\t\t<\/div>\n\t\t\t\t\t<\/div>\n\t\t<\/div>\n\t\t\t\t\t<\/div>\n\t\t<\/section>\n\t\t\t\t<section class=\"elementor-section elementor-top-section elementor-element elementor-element-bdea1f5 elementor-section-boxed elementor-section-height-default elementor-section-height-default\" data-id=\"bdea1f5\" data-element_type=\"section\">\n\t\t\t\t\t\t<div class=\"elementor-container elementor-column-gap-default\">\n\t\t\t\t\t<div class=\"elementor-column elementor-col-100 elementor-top-column elementor-element elementor-element-6e23f36\" data-id=\"6e23f36\" data-element_type=\"column\">\n\t\t\t<div class=\"elementor-widget-wrap elementor-element-populated\">\n\t\t\t\t\t\t<div class=\"elementor-element elementor-element-e01c1f3 elementor-widget elementor-widget-text-editor\" data-id=\"e01c1f3\" data-element_type=\"widget\" data-widget_type=\"text-editor.default\">\n\t\t\t\t<div class=\"elementor-widget-container\">\n\t\t\t\t\t\t\t\t\t<p><strong>Nasenscheidenwandkorrektur und \u00e0 Wengen Implantat<\/strong><\/p><p>\u201eSuper Betreuung und Beratung. Ich habe Dr. Schwab bereits 2017 aufgrund einer Empfehlung aufgesucht. Jahrelang wurde an mir durch andere \u00c4rzte nur rumgedoktert. Aufgrund wiederkehrender Infekte waren Antibiotika mein st\u00e4ndiger Begleiter. Dr. Schwab erkannte das Problem schnell und empfahl mir eine Nasenscheidewandkorrektur sowie das \u00e0 Wengen Titanimplantat f\u00fcr eine bessere Nasenatmung und gegen Schnarchen. Was soll ich sagen, das Implantat erf\u00fcllt seinen Zweck einwandfrei. Die Atmung ist super, sogar bei einer starken Erk\u00e4ltung. Die OP an sich und die Heilung verliefen komplikationslos und die Schmerzen waren sehr gering. Ich w\u00fcrde die OP jederzeit wieder machen. Ich kann nur Danke sagen von ganzem Herzen.\u201c (SU, weiblich, 45 Jahre)<\/p><p><strong>Kompetente und erfolgreiche medizinische Behandlung<\/strong><\/p><p>\u201eHerr Dr. Schwab hat meine Schnarchproblematik mittels einer Nasenmuschellaserung optimal behandelt. Der komplett blutungsfreie Eingriff hat eine Verbesserung der Nasenatmung und damit einen Gewinn an Lebensqualit\u00e4t zur Folge. Eine weitere positive Auswirkung ist das Ausbleiben von bisherigem h\u00e4ufigem Nasenbluten.\u201c (HS, m\u00e4nnlich, 62 Jahre)<\/p><p><strong>So sollten alle \u00c4rzte sein<\/strong><\/p><p>\u201eDa ich schon seit meiner Jugend unter meiner verstopften Nase leide, habe ich versucht das operativ beheben zu lassen. Leider sind meine ersten zwei Versuche bei anderen \u00c4rzten kl\u00e4glich gescheitert. Umso erfreulicher war die unkomplizierte und fachlich sehr gute Behandlung bzw. Operation von Herrn Dr. Schwab. Die OP ist sehr gut verlaufen und ich hatte danach kaum Schmerzen. Innerhalb weniger Tage Genesung konnte ich schon erste Erfolge beim Atmen durch die Nase feststellen, mittlerweile kann ich endlich wieder ganz normal durch die Nase atmen. Dank Herrn Dr. Schwab f\u00fchle ich mich wie ein neuer Mensch.\u201c (RA, m\u00e4nnlich, 34 Jahre)<\/p><p><strong>Endlich wieder richtig durchatmen mit freier Nase<\/strong><\/p><p>\u201eWir haben uns entschlossen, unsere Tochter (12J) operieren zu lassen und wir w\u00fcrden es wieder tun. Nach chronischer Entz\u00fcndung der Nasennebenh\u00f6hlen und st\u00e4ndig verstopfter Nase. Es halfen keine Medikamente mehr, schlafen war nur nach Einnahme von Nasenspray m\u00f6glich. Es gab keine Alternative. Im Verwandten-und Bekanntenkreis wurde uns vielfach von einem solchen Eingriff abgeraten. Grunds\u00e4tzlich haben wir die Erfahrung gemacht, dass es sehr viele negative Meinungen zu diesem Thema gibt. V\u00f6llig unbegr\u00fcndet! Unser Kind hat durch die Nasenoperation neue Lebensqualit\u00e4t gewonnen. Neben ruhigem Schlaf kann es nun auch wieder befreit seinem Hobby, dem Sport, nachgehen und ist gl\u00fccklich. Die ersten Tage nach dem Eingriff waren sicher weniger angenehm, aber das vergeht sehr schnell und Herr Dr. Schwab ist zudem ein ausgezeichneter Operateur. Sehr gute Aufkl\u00e4rung vor der Operation und ein wunderbarer Umgang mit Kindern zeichnen ihn und sein Team aus.\u201c (NG, weiblich, 43 Jahre)<\/p>\t\t\t\t\t\t\t\t<\/div>\n\t\t\t\t<\/div>\n\t\t\t\t\t<\/div>\n\t\t<\/div>\n\t\t\t\t\t<\/div>\n\t\t<\/section>\n\t\t\t\t<\/div>\n\t\t","protected":false},"excerpt":{"rendered":"<p>Erfahrungsberichte Nasenscheidenwandkorrektur und \u00e0 Wengen Implantat \u201eSuper Betreuung und Beratung. Ich habe Dr. Schwab bereits 2017 aufgrund einer Empfehlung aufgesucht. Jahrelang wurde an mir durch andere \u00c4rzte nur rumgedoktert. Aufgrund wiederkehrender Infekte waren Antibiotika mein st\u00e4ndiger Begleiter. Dr. Schwab erkannte das Problem schnell und empfahl mir eine Nasenscheidewandkorrektur sowie das \u00e0 Wengen Titanimplantat f\u00fcr eine &#8230; <a title=\"Erfahrungsberichte\" class=\"read-more\" href=\"https:\/\/cultdev.net\/drschwab\/erfahrungsberichte\" aria-label=\"More on Erfahrungsberichte\">mehr lesen<\/a><\/p>\n","protected":false},"author":4,"featured_media":0,"parent":0,"menu_order":0,"comment_status":"closed","ping_status":"closed","template":"elementor_header_footer","meta":{"footnotes":""},"class_list":["post-262","page","type-page","status-publish"],"_links":{"self":[{"href":"https:\/\/cultdev.net\/drschwab\/wp-json\/wp\/v2\/pages\/262","targetHints":{"allow":["GET"]}}],"collection":[{"href":"https:\/\/cultdev.net\/drschwab\/wp-json\/wp\/v2\/pages"}],"about":[{"href":"https:\/\/cultdev.net\/drschwab\/wp-json\/wp\/v2\/types\/page"}],"author":[{"embeddable":true,"href":"https:\/\/cultdev.net\/drschwab\/wp-json\/wp\/v2\/users\/4"}],"replies":[{"embeddable":true,"href":"https:\/\/cultdev.net\/drschwab\/wp-json\/wp\/v2\/comments?post=262"}],"version-history":[{"count":10,"href":"https:\/\/cultdev.net\/drschwab\/wp-json\/wp\/v2\/pages\/262\/revisions"}],"predecessor-version":[{"id":782,"href":"https:\/\/cultdev.net\/drschwab\/wp-json\/wp\/v2\/pages\/262\/revisions\/782"}],"wp:attachment":[{"href":"https:\/\/cultdev.net\/drschwab\/wp-json\/wp\/v2\/media?parent=262"}],"curies":[{"name":"wp","href":"https:\/\/api.w.org\/{rel}","templated":true}]}}