{"id":390,"date":"2020-04-26T15:10:14","date_gmt":"2020-04-26T15:10:14","guid":{"rendered":"https:\/\/cultdev.net\/drschwab\/faq-copy"},"modified":"2020-05-15T11:55:35","modified_gmt":"2020-05-15T11:55:35","slug":"links","status":"publish","type":"page","link":"https:\/\/cultdev.net\/drschwab\/links","title":{"rendered":"Links"},"content":{"rendered":"\t\t<div data-elementor-type=\"wp-page\" data-elementor-id=\"390\" class=\"elementor elementor-390\" data-elementor-post-type=\"page\">\n\t\t\t\t\t\t<section class=\"elementor-section elementor-top-section elementor-element elementor-element-e77e8dc elementor-section-boxed elementor-section-height-default elementor-section-height-default\" data-id=\"e77e8dc\" data-element_type=\"section\">\n\t\t\t\t\t\t<div class=\"elementor-container elementor-column-gap-default\">\n\t\t\t\t\t<div class=\"elementor-column elementor-col-100 elementor-top-column elementor-element elementor-element-c2e02a4\" data-id=\"c2e02a4\" data-element_type=\"column\">\n\t\t\t<div class=\"elementor-widget-wrap elementor-element-populated\">\n\t\t\t\t\t\t<div class=\"elementor-element elementor-element-fac66c5 elementor-widget elementor-widget-heading\" data-id=\"fac66c5\" data-element_type=\"widget\" data-widget_type=\"heading.default\">\n\t\t\t\t<div class=\"elementor-widget-container\">\n\t\t\t\t\t<h1 class=\"elementor-heading-title elementor-size-default\">Links<\/h1>\t\t\t\t<\/div>\n\t\t\t\t<\/div>\n\t\t\t\t\t<\/div>\n\t\t<\/div>\n\t\t\t\t\t<\/div>\n\t\t<\/section>\n\t\t\t\t<section class=\"elementor-section elementor-top-section elementor-element elementor-element-7056e0b elementor-section-boxed elementor-section-height-default elementor-section-height-default\" data-id=\"7056e0b\" data-element_type=\"section\">\n\t\t\t\t\t\t<div class=\"elementor-container elementor-column-gap-default\">\n\t\t\t\t\t<div class=\"elementor-column elementor-col-100 elementor-top-column elementor-element elementor-element-afe2f3f\" data-id=\"afe2f3f\" data-element_type=\"column\">\n\t\t\t<div class=\"elementor-widget-wrap elementor-element-populated\">\n\t\t\t\t\t\t<div class=\"elementor-element elementor-element-1fcd773 elementor-widget elementor-widget-text-editor\" data-id=\"1fcd773\" data-element_type=\"widget\" data-widget_type=\"text-editor.default\">\n\t\t\t\t<div class=\"elementor-widget-container\">\n\t\t\t\t\t\t\t\t\t<p><a href=\"https:\/\/www.halsnasenohren-gut.ch\/\" target=\"_blank\" rel=\"noopener\"><strong>Praxis Dr. med. Daniela L. Gut, Fach\u00e4rztin FMH f\u00fcr ORL &#8211; Z\u00fcrich<\/strong><\/a><br \/>https:\/\/www.halsnasenohren-gut.ch\/<\/p>\t\t\t\t\t\t\t\t<\/div>\n\t\t\t\t<\/div>\n\t\t\t\t<div class=\"elementor-element elementor-element-aebaa98 elementor-widget elementor-widget-text-editor\" data-id=\"aebaa98\" data-element_type=\"widget\" data-widget_type=\"text-editor.default\">\n\t\t\t\t<div class=\"elementor-widget-container\">\n\t\t\t\t\t\t\t\t\t<p><strong><a href=\"https:\/\/pyramide.ch\/de\/\">Klinik Pyramide am See &#8211; Z\u00fcrich<\/a><\/strong><br \/>https:\/\/pyramide.ch\/de<\/p>\t\t\t\t\t\t\t\t<\/div>\n\t\t\t\t<\/div>\n\t\t\t\t\t<\/div>\n\t\t<\/div>\n\t\t\t\t\t<\/div>\n\t\t<\/section>\n\t\t\t\t<\/div>\n\t\t","protected":false},"excerpt":{"rendered":"<p>Links Praxis Dr. med. Daniela L. Gut, Fach\u00e4rztin FMH f\u00fcr ORL &#8211; Z\u00fcrichhttps:\/\/www.halsnasenohren-gut.ch\/ Klinik Pyramide am See &#8211; Z\u00fcrichhttps:\/\/pyramide.ch\/de<\/p>\n","protected":false},"author":4,"featured_media":0,"parent":0,"menu_order":0,"comment_status":"closed","ping_status":"closed","template":"elementor_header_footer","meta":{"footnotes":""},"class_list":["post-390","page","type-page","status-publish"],"_links":{"self":[{"href":"https:\/\/cultdev.net\/drschwab\/wp-json\/wp\/v2\/pages\/390","targetHints":{"allow":["GET"]}}],"collection":[{"href":"https:\/\/cultdev.net\/drschwab\/wp-json\/wp\/v2\/pages"}],"about":[{"href":"https:\/\/cultdev.net\/drschwab\/wp-json\/wp\/v2\/types\/page"}],"author":[{"embeddable":true,"href":"https:\/\/cultdev.net\/drschwab\/wp-json\/wp\/v2\/users\/4"}],"replies":[{"embeddable":true,"href":"https:\/\/cultdev.net\/drschwab\/wp-json\/wp\/v2\/comments?post=390"}],"version-history":[{"count":12,"href":"https:\/\/cultdev.net\/drschwab\/wp-json\/wp\/v2\/pages\/390\/revisions"}],"predecessor-version":[{"id":777,"href":"https:\/\/cultdev.net\/drschwab\/wp-json\/wp\/v2\/pages\/390\/revisions\/777"}],"wp:attachment":[{"href":"https:\/\/cultdev.net\/drschwab\/wp-json\/wp\/v2\/media?parent=390"}],"curies":[{"name":"wp","href":"https:\/\/api.w.org\/{rel}","templated":true}]}}